{"id":2824,"date":"2017-10-04T08:07:14","date_gmt":"2017-10-04T08:07:14","guid":{"rendered":"http:\/\/filmmaker.beautheme.com\/?page_id=2824"},"modified":"2025-12-08T22:24:38","modified_gmt":"2025-12-08T21:24:38","slug":"home","status":"publish","type":"page","link":"https:\/\/bendikfilms.com\/","title":{"rendered":"Home"},"content":{"rendered":"<p>[vc_section full_width=&#8221;stretch_row_content&#8221;][vc_row full_width=&#8221;stretch_row_content_no_spaces_content&#8221;][vc_column][film_clearfix beau_xxl=&#8221;100px&#8221; beau_xl=&#8221;80px&#8221; beau_lg=&#8221;60px&#8221; beau_md=&#8221;40px&#8221; beau_sm=&#8221;30px&#8221; beau_xs=&#8221;50px&#8221;][vc_column_text el_class=&#8221;title-desc&#8221;]<\/p>\n<p style=\"text-align: center;\">SVET JE PLN\u00dd PR\u00cdBEHOV<\/p>\n<h1 style=\"text-align: center;\"><strong>OBJAV ICH S NAMI<\/strong><\/h1>\n<p>[\/vc_column_text][\/vc_column][\/vc_row][vc_row el_class=&#8221;image-cover&#8221;][vc_column][film_clearfix beau_xxl=&#8221;5rem&#8221; beau_xl=&#8221;4rem&#8221; beau_lg=&#8221;3rem&#8221; beau_md=&#8221;2rem&#8221;][\/vc_column][\/vc_row][vc_row el_class=&#8221;image-cover&#8221;][vc_column][film_clearfix beau_xxl=&#8221;5rem&#8221; beau_xl=&#8221;4rem&#8221; beau_lg=&#8221;3rem&#8221; beau_md=&#8221;2rem&#8221;][\/vc_column][\/vc_row][vc_row full_width=&#8221;stretch_row_content_no_spaces_content&#8221;][vc_column][vc_row_inner el_class=&#8221;content-love-film content-viewmore&#8221;][vc_column_inner width=&#8221;1\/2&#8243;][vc_column_text]<\/p>\n<h5><strong>ROZPR\u00c1VAME SKUTO\u010cN\u00c9 PR\u00cdBEHY, KTOR\u00c9 DOK\u00c1\u017dU IN\u0160PIROVA\u0164. DOKUMENT\u00c1RNE FILMY O BEHU, O PRIATE\u013dSTVE, O V\u00ddNIMO\u010cN\u00ddCH PROJEKTOCH AJ O OBY\u010cAJNOM \u017dIVOTE.<\/strong><\/h5>\n<p>[\/vc_column_text][\/vc_column_inner][vc_column_inner width=&#8221;1\/2&#8243;][vc_column_text]BENDIK FILMS je produk\u010dn\u00e1 a kreat\u00edvna platforma pre produkciu dokument\u00e1rnych filmov. Vyh\u013ead\u00e1vame skuto\u010dn\u00e9 pr\u00edbehy \u013eud\u00ed, ktor\u00ed dok\u00e1\u017eu in\u0161pirova\u0165 ostatn\u00fdch. Historick\u00e9 aj s\u00fa\u010dasn\u00e9.<\/p>\n<p>Prv\u00fdm ucelen\u00fdm filmov\u00fdm projektom bol v roku 2015 film o dvoch kamar\u00e1toch, ktor\u00ed sa stretli, aby spolu prebehli trasu sp\u00e1jaj\u00facu 12 horsk\u00fdch ch\u00e1t vo Vysok\u00fdch Tatr\u00e1ch. Film kompletne nato\u010den\u00fd na mobiln\u00e9 telef\u00f3ny sa zap\u00e1\u010dil aj div\u00e1kom a z\u00edskal Cenu Div\u00e1kov na festivale dobrodru\u017en\u00fdch filmov HORYZONTY v Tren\u010d\u00edne.<\/p>\n<p>V roku 2017 sme uviedli do festivalov\u00fdch k\u00edn film z historick\u00fdm pr\u00edbehom z druhej svetovej vojny &#8211; KROKY NA HRANE. Film z\u00edskal Cenu div\u00e1kov a zaujal aj odborn\u00fa porotu festivalu HORYZONTY v Tren\u010d\u00edne, kde z\u00edskal hlavn\u00fa cenu GRAND PRIX. Film sa stal z\u00e1kladom pre akreditovan\u00fd program vyu\u017eitia dokument\u00e1rneho filmu vo vzdel\u00e1van\u00ed det\u00ed a ml\u00e1de\u017ee.<\/p>\n<p>Doteraz sme zrealizovali osem \u00faspe\u0161n\u00fdch filmov\u00fdch projektov a usilovne pracujeme na \u010fal\u0161\u00edch. Ak chcete na\u0161u tvorbu podpori\u0165, sta\u0148te sa na\u0161im Patr\u00f3nom na platforme PATREON. Vid\u00edme sa v kine a na webe, priatelia![\/vc_column_text][film_clearfix beau_xxl=&#8221;6rem&#8221; beau_xl=&#8221;5rem&#8221; beau_lg=&#8221;4rem&#8221; beau_md=&#8221;3rem&#8221; beau_sm=&#8221;2rem&#8221;][vc_btn title=&#8221;PODPORTE N\u00c1S NA PATREONE&#8221; shape=&#8221;round&#8221; color=&#8221;primary&#8221; i_align=&#8221;right&#8221; i_icon_fontawesome=&#8221;fa fa-long-arrow-right&#8221; add_icon=&#8221;true&#8221; link=&#8221;url:https%3A%2F%2Fpatreon.com%2Fbendikdocs||target:%20_blank|&#8221;][film_clearfix beau_xxl=&#8221;6rem&#8221; beau_xl=&#8221;5rem&#8221; beau_lg=&#8221;4rem&#8221; beau_md=&#8221;3rem&#8221; beau_sm=&#8221;2rem&#8221;][\/vc_column_inner][\/vc_row_inner][film_clearfix beau_xxl=&#8221;100px&#8221; beau_xl=&#8221;80px&#8221; beau_lg=&#8221;60px&#8221; beau_md=&#8221;40px&#8221; beau_sm=&#8221;30px&#8221; beau_xs=&#8221;50px&#8221;][\/vc_column][\/vc_row][\/vc_section][vc_row full_width=&#8221;stretch_row_content_no_spaces&#8221; css=&#8221;.vc_custom_1505464761261{margin-right: 0px !important;margin-left: 0px !important;}&#8221;][vc_column][film_video small_title_product_list=&#8221;PORTF\u00d3LIO BENDIK FILMS&#8221; big_title_product_list=&#8221;Filmov\u00e9 projekty&#8221; film_list_id=&#8221;4354, 4327, 4235, 4069, 3965, 3558, 3596, 2971, 2961, 3486, 2971&#8243; view_more_text=&#8221;Viac o filme&#8221;][film_clearfix beau_xxl=&#8221;40rem&#8221; beau_xl=&#8221;28rem&#8221; beau_lg=&#8221;20rem&#8221; beau_md=&#8221;15rem&#8221; beau_sm=&#8221;10rem&#8221; beau_xs=&#8221;5rem&#8221;][\/vc_column][\/vc_row][vc_row full_width=&#8221;stretch_row_content_no_spaces_content&#8221; el_class=&#8221;re-gallery&#8221;][vc_column][vc_column_text el_class=&#8221;title-desc&#8221;]<\/p>\n<p style=\"text-align: center;\">FOTO<\/p>\n<h1 style=\"text-align: center;\"><strong>Gal\u00e9ria<\/strong><\/h1>\n<p>[\/vc_column_text][film_gallery title_section=&#8221;&#8221; small_title=&#8221;&#8221; link_to=&#8221;&#8221; style_gallery=&#8221;1&#8243; gallery_list_id=&#8221;2985, 4359, 3445, 3223, 3495, 3622&#8243;][\/vc_column][\/vc_row][vc_row el_class=&#8221;bong-lua&#8221;][vc_column][film_clearfix beau_xxl=&#8221;100px&#8221; beau_xl=&#8221;80px&#8221; beau_lg=&#8221;60px&#8221; beau_md=&#8221;40px&#8221; beau_sm=&#8221;30px&#8221;][vc_single_image image=&#8221;3142&#8243; img_size=&#8221;full&#8221; alignment=&#8221;center&#8221;][film_clearfix beau_xxl=&#8221;50px&#8221; beau_xl=&#8221;50px&#8221; beau_lg=&#8221;40px&#8221; beau_md=&#8221;40px&#8221; beau_sm=&#8221;30px&#8221; beau_xs=&#8221;30px&#8221;][vc_column_text]<\/p>\n<p style=\"text-align: center;\"><b><i>V komplikovan\u00fdch podmienkach v hor\u00e1ch po\u010das prebden\u00fdch noc\u00ed<br \/>\n\u010di da\u017ediv\u00fdch dn\u00ed vznikaj\u00fa \u010dasto priate\u013estv\u00e1 na cel\u00fd \u017eivot.<\/i><\/b><\/p>\n<p style=\"text-align: center;\"><b><i>Preto poz\u00fdvame do na\u0161ich projektov \u013eud\u00ed,<br \/>\nktor\u00ed v nich dok\u00e1\u017eu odovzda\u0165 svoje srdce.<\/i><\/b><\/p>\n<p>[\/vc_column_text][film_clearfix beau_xxl=&#8221;100px&#8221; beau_xl=&#8221;80px&#8221; beau_lg=&#8221;60px&#8221; beau_md=&#8221;40px&#8221; beau_sm=&#8221;30px&#8221;][\/vc_column][\/vc_row][vc_row full_width=&#8221;stretch_row_content_no_spaces_content&#8221; el_class=&#8221;winnings&#8221;][vc_column][vc_column_text el_class=&#8221;title-desc&#8221;]<\/p>\n<section class=\"vc_row wpb_row vc_row-fluid\"><\/section>\n<section class=\"vc_row wpb_row vc_row-fluid\">\n<div class=\"wpb_column vc_column_container vc_col-sm-12\">\n<div class=\"vc_column-inner \">\n<div class=\"wpb_wrapper\">\n<div class=\"fl-title wow fadeInDown\" data-wow-delay=\"0.3s\">\n<p class=\"fl-title-small\" style=\"text-align: center;\">FILMOV\u00c9 CENY<\/p>\n<\/div>\n<\/div>\n<\/div>\n<\/div>\n<\/section>\n<p>[\/vc_column_text][film_clearfix beau_xxl=&#8221;30px&#8221; beau_xl=&#8221;30px&#8221; beau_lg=&#8221;30px&#8221; beau_md=&#8221;30px&#8221; beau_sm=&#8221;30px&#8221; beau_xs=&#8221;30px&#8221;][vc_row_inner el_class=&#8221;w100 list-image&#8221;][vc_column_inner width=&#8221;1\/3&#8243;][film_clearfix beau_xxl=&#8221;40px&#8221; beau_xl=&#8221;40px&#8221; beau_lg=&#8221;30px&#8221; beau_md=&#8221;30px&#8221; beau_sm=&#8221;20px&#8221; beau_xs=&#8221;20px&#8221;][vc_single_image image=&#8221;2974&#8243; img_size=&#8221;240&#215;170&#8243; alignment=&#8221;center&#8221;][\/vc_column_inner][vc_column_inner width=&#8221;1\/3&#8243;][film_clearfix beau_xxl=&#8221;40px&#8221; beau_xl=&#8221;40px&#8221; beau_lg=&#8221;30px&#8221; beau_md=&#8221;30px&#8221; beau_sm=&#8221;20px&#8221; beau_xs=&#8221;20px&#8221;][vc_single_image image=&#8221;2975&#8243; img_size=&#8221;240&#215;170&#8243; alignment=&#8221;center&#8221;][\/vc_column_inner][vc_column_inner width=&#8221;1\/3&#8243;][film_clearfix beau_xxl=&#8221;40px&#8221; beau_xl=&#8221;40px&#8221; beau_lg=&#8221;30px&#8221; beau_md=&#8221;30px&#8221; beau_sm=&#8221;20px&#8221; beau_xs=&#8221;20px&#8221;][vc_single_image image=&#8221;3213&#8243; alignment=&#8221;center&#8221;][\/vc_column_inner][\/vc_row_inner][film_clearfix beau_xxl=&#8221;200px&#8221; beau_xl=&#8221;160px&#8221; beau_lg=&#8221;120px&#8221; beau_md=&#8221;80px&#8221; beau_sm=&#8221;40px&#8221; beau_xs=&#8221;30px&#8221;][\/vc_column][\/vc_row][vc_row css=&#8221;.vc_custom_1505469539179{background-color: #eaeaea !important;}&#8221;][vc_column][film_clearfix beau_xxl=&#8221;200px&#8221; beau_xl=&#8221;160px&#8221; beau_lg=&#8221;120px&#8221; beau_md=&#8221;80px&#8221; beau_sm=&#8221;40px&#8221; beau_xs=&#8221;30px&#8221;][film_testimonials perpage=&#8221;5&#8243;][film_clearfix beau_xxl=&#8221;150px&#8221; beau_xl=&#8221;110px&#8221; beau_lg=&#8221;80px&#8221; beau_md=&#8221;60px&#8221; beau_sm=&#8221;40px&#8221; beau_xs=&#8221;30px&#8221;][\/vc_column][\/vc_row][vc_row full_width=&#8221;stretch_row_content_no_spaces_content&#8221;][vc_column][film_clearfix beau_xxl=&#8221;200px&#8221; beau_xl=&#8221;160px&#8221; beau_lg=&#8221;120px&#8221; beau_md=&#8221;80px&#8221; beau_sm=&#8221;40px&#8221; beau_xs=&#8221;30px&#8221;][vc_column_text el_class=&#8221;title-desc&#8221;]<\/p>\n<p style=\"text-align: center;\">NAJNOV\u0160IE \u010cL\u00c1NKY<\/p>\n<p>[\/vc_column_text][film_blog film_number_post=&#8221;4&#8243; film_column_in_row=&#8221;col-md-3&#8243;][\/vc_column][\/vc_row]<\/p>\n","protected":false},"excerpt":{"rendered":"<p>[vc_section full_width=&#8221;stretch_row_content&#8221;][vc_row full_width=&#8221;stretch_row_content_no_spaces_content&#8221;][vc_column][film_clearfix beau_xxl=&#8221;100px&#8221; beau_xl=&#8221;80px&#8221; beau_lg=&#8221;60px&#8221; beau_md=&#8221;40px&#8221; beau_sm=&#8221;30px&#8221; beau_xs=&#8221;50px&#8221;][vc_column_text el_class=&#8221;title-desc&#8221;] SVET JE PLN\u00dd PR\u00cdBEHOV OBJAV ICH S NAMI [\/vc_column_text][\/vc_column][\/vc_row][vc_row el_class=&#8221;image-cover&#8221;][vc_column][film_clearfix beau_xxl=&#8221;5rem&#8221; beau_xl=&#8221;4rem&#8221; beau_lg=&#8221;3rem&#8221; beau_md=&#8221;2rem&#8221;][\/vc_column][\/vc_row][vc_row el_class=&#8221;image-cover&#8221;][vc_column][film_clearfix beau_xxl=&#8221;5rem&#8221; beau_xl=&#8221;4rem&#8221; beau_lg=&#8221;3rem&#8221; beau_md=&#8221;2rem&#8221;][\/vc_column][\/vc_row][vc_row full_width=&#8221;stretch_row_content_no_spaces_content&#8221;][vc_column][vc_row_inner el_class=&#8221;content-love-film content-viewmore&#8221;][vc_column_inner width=&#8221;1\/2&#8243;][vc_column_text] ROZPR\u00c1VAME SKUTO\u010cN\u00c9 PR\u00cdBEHY, KTOR\u00c9 DOK\u00c1\u017dU IN\u0160PIROVA\u0164. DOKUMENT\u00c1RNE FILMY O BEHU, O PRIATE\u013dSTVE, O V\u00ddNIMO\u010cN\u00ddCH PROJEKTOCH AJ O OBY\u010cAJNOM \u017dIVOTE. [\/vc_column_text][\/vc_column_inner][vc_column_inner width=&#8221;1\/2&#8243;][vc_column_text]BENDIK FILMS [&hellip;]<\/p>\n","protected":false},"author":2,"featured_media":3837,"parent":0,"menu_order":0,"comment_status":"closed","ping_status":"closed","template":"template-nonesidebar.php","meta":{"_monsterinsights_skip_tracking":false,"_monsterinsights_sitenote_active":false,"_monsterinsights_sitenote_note":"","_monsterinsights_sitenote_category":0},"yoast_head":"<!-- This site is optimized with the Yoast SEO plugin v18.4.1 - https:\/\/yoast.com\/wordpress\/plugins\/seo\/ -->\n<title>BENDIK FILMS | Filmov\u00e9 pr\u00edbehy o behu a o \u017eivote<\/title>\n<meta name=\"description\" content=\"Kreat\u00edvna platforma pre produkciu dokument\u00e1rnych filmov z prostredia horsk\u00e9ho behu. Skuto\u010dn\u00e9 historick\u00e9 aj s\u00fa\u010dasn\u00e9 pr\u00edbehy \u013eud\u00ed, ktor\u00ed dok\u00e1\u017eu in\u0161pirova\u0165 ostatn\u00fdch.\" \/>\n<meta name=\"robots\" content=\"index, follow, max-snippet:-1, max-image-preview:large, max-video-preview:-1\" \/>\n<link rel=\"canonical\" href=\"https:\/\/bendikfilms.com\/\" \/>\n<meta property=\"og:locale\" content=\"en_US\" \/>\n<meta property=\"og:type\" content=\"article\" \/>\n<meta property=\"og:title\" content=\"BENDIK FILMS (Filmov\u00e9 pr\u00edbehy o behu a o \u017eivote)\" \/>\n<meta property=\"og:description\" content=\"Kreat\u00edvna platforma pre produkciu dokument\u00e1rnych filmov z prostredia horsk\u00e9ho behu. Skuto\u010dn\u00e9 historick\u00e9 aj s\u00fa\u010dasn\u00e9 pr\u00edbehy \u013eud\u00ed, ktor\u00ed dok\u00e1\u017eu in\u0161pirova\u0165 ostatn\u00fdch.\" \/>\n<meta property=\"og:url\" content=\"https:\/\/bendikfilms.com\/\" \/>\n<meta property=\"og:site_name\" content=\"BENDIK FILMS\" \/>\n<meta property=\"article:modified_time\" content=\"2025-12-08T21:24:38+00:00\" \/>\n<meta property=\"og:image\" content=\"https:\/\/bendikfilms.com\/wp-content\/uploads\/2020\/12\/20200105_151354703_iOS-scaled.jpg\" \/>\n\t<meta property=\"og:image:width\" content=\"2560\" \/>\n\t<meta property=\"og:image:height\" content=\"1706\" \/>\n\t<meta property=\"og:image:type\" content=\"image\/jpeg\" \/>\n<meta name=\"twitter:card\" content=\"summary_large_image\" \/>\n<meta name=\"twitter:image\" content=\"http:\/\/filmmaker.beautheme.com\/wp-content\/uploads\/2015\/12\/Film-maker.jpg\" \/>\n<meta name=\"twitter:label1\" content=\"Est. reading time\" \/>\n\t<meta name=\"twitter:data1\" content=\"2 minutes\" \/>\n<script type=\"application\/ld+json\" class=\"yoast-schema-graph\">{\"@context\":\"https:\/\/schema.org\",\"@graph\":[{\"@type\":\"WebSite\",\"@id\":\"https:\/\/bendikfilms.com\/#website\",\"url\":\"https:\/\/bendikfilms.com\/\",\"name\":\"BENDIK FILMS\",\"description\":\"I capture real stories of people who venture to the very edge of their limits.\",\"potentialAction\":[{\"@type\":\"SearchAction\",\"target\":{\"@type\":\"EntryPoint\",\"urlTemplate\":\"https:\/\/bendikfilms.com\/?s={search_term_string}\"},\"query-input\":\"required name=search_term_string\"}],\"inLanguage\":\"en-US\"},{\"@type\":\"ImageObject\",\"@id\":\"https:\/\/bendikfilms.com\/#primaryimage\",\"inLanguage\":\"en-US\",\"url\":\"https:\/\/bendikfilms.com\/wp-content\/uploads\/2020\/12\/20200105_151354703_iOS-scaled.jpg\",\"contentUrl\":\"https:\/\/bendikfilms.com\/wp-content\/uploads\/2020\/12\/20200105_151354703_iOS-scaled.jpg\",\"width\":2560,\"height\":1706},{\"@type\":\"WebPage\",\"@id\":\"https:\/\/bendikfilms.com\/#webpage\",\"url\":\"https:\/\/bendikfilms.com\/\",\"name\":\"BENDIK FILMS | Filmov\u00e9 pr\u00edbehy o behu a o \u017eivote\",\"isPartOf\":{\"@id\":\"https:\/\/bendikfilms.com\/#website\"},\"primaryImageOfPage\":{\"@id\":\"https:\/\/bendikfilms.com\/#primaryimage\"},\"datePublished\":\"2017-10-04T08:07:14+00:00\",\"dateModified\":\"2025-12-08T21:24:38+00:00\",\"description\":\"Kreat\u00edvna platforma pre produkciu dokument\u00e1rnych filmov z prostredia horsk\u00e9ho behu. Skuto\u010dn\u00e9 historick\u00e9 aj s\u00fa\u010dasn\u00e9 pr\u00edbehy \u013eud\u00ed, ktor\u00ed dok\u00e1\u017eu in\u0161pirova\u0165 ostatn\u00fdch.\",\"breadcrumb\":{\"@id\":\"https:\/\/bendikfilms.com\/#breadcrumb\"},\"inLanguage\":\"en-US\",\"potentialAction\":[{\"@type\":\"ReadAction\",\"target\":[\"https:\/\/bendikfilms.com\/\"]}]},{\"@type\":\"BreadcrumbList\",\"@id\":\"https:\/\/bendikfilms.com\/#breadcrumb\",\"itemListElement\":[{\"@type\":\"ListItem\",\"position\":1,\"name\":\"Home\",\"item\":\"https:\/\/bendikfilms.com\/\"},{\"@type\":\"ListItem\",\"position\":2,\"name\":\"Home\"}]}]}<\/script>\n<!-- \/ Yoast SEO plugin. -->","yoast_head_json":{"title":"BENDIK FILMS | Filmov\u00e9 pr\u00edbehy o behu a o \u017eivote","description":"Kreat\u00edvna platforma pre produkciu dokument\u00e1rnych filmov z prostredia horsk\u00e9ho behu. Skuto\u010dn\u00e9 historick\u00e9 aj s\u00fa\u010dasn\u00e9 pr\u00edbehy \u013eud\u00ed, ktor\u00ed dok\u00e1\u017eu in\u0161pirova\u0165 ostatn\u00fdch.","robots":{"index":"index","follow":"follow","max-snippet":"max-snippet:-1","max-image-preview":"max-image-preview:large","max-video-preview":"max-video-preview:-1"},"canonical":"https:\/\/bendikfilms.com\/","og_locale":"en_US","og_type":"article","og_title":"BENDIK FILMS (Filmov\u00e9 pr\u00edbehy o behu a o \u017eivote)","og_description":"Kreat\u00edvna platforma pre produkciu dokument\u00e1rnych filmov z prostredia horsk\u00e9ho behu. Skuto\u010dn\u00e9 historick\u00e9 aj s\u00fa\u010dasn\u00e9 pr\u00edbehy \u013eud\u00ed, ktor\u00ed dok\u00e1\u017eu in\u0161pirova\u0165 ostatn\u00fdch.","og_url":"https:\/\/bendikfilms.com\/","og_site_name":"BENDIK FILMS","article_modified_time":"2025-12-08T21:24:38+00:00","og_image":[{"width":2560,"height":1706,"url":"https:\/\/bendikfilms.com\/wp-content\/uploads\/2020\/12\/20200105_151354703_iOS-scaled.jpg","type":"image\/jpeg"}],"twitter_card":"summary_large_image","twitter_image":"http:\/\/filmmaker.beautheme.com\/wp-content\/uploads\/2015\/12\/Film-maker.jpg","twitter_misc":{"Est. reading time":"2 minutes"},"schema":{"@context":"https:\/\/schema.org","@graph":[{"@type":"WebSite","@id":"https:\/\/bendikfilms.com\/#website","url":"https:\/\/bendikfilms.com\/","name":"BENDIK FILMS","description":"I capture real stories of people who venture to the very edge of their limits.","potentialAction":[{"@type":"SearchAction","target":{"@type":"EntryPoint","urlTemplate":"https:\/\/bendikfilms.com\/?s={search_term_string}"},"query-input":"required name=search_term_string"}],"inLanguage":"en-US"},{"@type":"ImageObject","@id":"https:\/\/bendikfilms.com\/#primaryimage","inLanguage":"en-US","url":"https:\/\/bendikfilms.com\/wp-content\/uploads\/2020\/12\/20200105_151354703_iOS-scaled.jpg","contentUrl":"https:\/\/bendikfilms.com\/wp-content\/uploads\/2020\/12\/20200105_151354703_iOS-scaled.jpg","width":2560,"height":1706},{"@type":"WebPage","@id":"https:\/\/bendikfilms.com\/#webpage","url":"https:\/\/bendikfilms.com\/","name":"BENDIK FILMS | Filmov\u00e9 pr\u00edbehy o behu a o \u017eivote","isPartOf":{"@id":"https:\/\/bendikfilms.com\/#website"},"primaryImageOfPage":{"@id":"https:\/\/bendikfilms.com\/#primaryimage"},"datePublished":"2017-10-04T08:07:14+00:00","dateModified":"2025-12-08T21:24:38+00:00","description":"Kreat\u00edvna platforma pre produkciu dokument\u00e1rnych filmov z prostredia horsk\u00e9ho behu. Skuto\u010dn\u00e9 historick\u00e9 aj s\u00fa\u010dasn\u00e9 pr\u00edbehy \u013eud\u00ed, ktor\u00ed dok\u00e1\u017eu in\u0161pirova\u0165 ostatn\u00fdch.","breadcrumb":{"@id":"https:\/\/bendikfilms.com\/#breadcrumb"},"inLanguage":"en-US","potentialAction":[{"@type":"ReadAction","target":["https:\/\/bendikfilms.com\/"]}]},{"@type":"BreadcrumbList","@id":"https:\/\/bendikfilms.com\/#breadcrumb","itemListElement":[{"@type":"ListItem","position":1,"name":"Home","item":"https:\/\/bendikfilms.com\/"},{"@type":"ListItem","position":2,"name":"Home"}]}]}},"_links":{"self":[{"href":"https:\/\/bendikfilms.com\/index.php\/wp-json\/wp\/v2\/pages\/2824"}],"collection":[{"href":"https:\/\/bendikfilms.com\/index.php\/wp-json\/wp\/v2\/pages"}],"about":[{"href":"https:\/\/bendikfilms.com\/index.php\/wp-json\/wp\/v2\/types\/page"}],"author":[{"embeddable":true,"href":"https:\/\/bendikfilms.com\/index.php\/wp-json\/wp\/v2\/users\/2"}],"replies":[{"embeddable":true,"href":"https:\/\/bendikfilms.com\/index.php\/wp-json\/wp\/v2\/comments?post=2824"}],"version-history":[{"count":97,"href":"https:\/\/bendikfilms.com\/index.php\/wp-json\/wp\/v2\/pages\/2824\/revisions"}],"predecessor-version":[{"id":4418,"href":"https:\/\/bendikfilms.com\/index.php\/wp-json\/wp\/v2\/pages\/2824\/revisions\/4418"}],"wp:featuredmedia":[{"embeddable":true,"href":"https:\/\/bendikfilms.com\/index.php\/wp-json\/wp\/v2\/media\/3837"}],"wp:attachment":[{"href":"https:\/\/bendikfilms.com\/index.php\/wp-json\/wp\/v2\/media?parent=2824"}],"curies":[{"name":"wp","href":"https:\/\/api.w.org\/{rel}","templated":true}]}}