{"id":3664,"date":"2021-06-22T12:38:22","date_gmt":"2021-06-22T10:38:22","guid":{"rendered":"https:\/\/bendikfilms.com\/?page_id=3664"},"modified":"2021-07-19T17:18:05","modified_gmt":"2021-07-19T15:18:05","slug":"air-files","status":"publish","type":"page","link":"https:\/\/bendikfilms.com\/index.php\/air-files\/","title":{"rendered":"_AIR FILES"},"content":{"rendered":"<p>[vc_row full_width=&#8221;stretch_row_content_no_spaces_content&#8221;][vc_column][film_clearfix beau_xxl=&#8221;150px&#8221; beau_xl=&#8221;120px&#8221; beau_lg=&#8221;80px&#8221; beau_md=&#8221;60px&#8221; beau_sm=&#8221;40px&#8221; beau_xs=&#8221;30px&#8221;][vc_column_text el_class=&#8221;title-desc&#8221;]<\/p>\n<p style=\"text-align: center;\">VZDU\u0160N\u00dd PROJEKT<\/p>\n<h1 style=\"text-align: center;\">_ AIR FILES<\/h1>\n<p>[\/vc_column_text][film_clearfix beau_xxl=&#8221;100px&#8221; beau_xl=&#8221;80px&#8221; beau_lg=&#8221;60px&#8221; beau_md=&#8221;40px&#8221; beau_sm=&#8221;30px&#8221; beau_xs=&#8221;30px&#8221;][\/vc_column][\/vc_row][vc_row full_width=&#8221;stretch_row_content_no_spaces_content&#8221;][vc_column][vc_row_inner content_placement=&#8221;top&#8221; el_class=&#8221;content-love-film content-viewmore&#8221;][vc_column_inner width=&#8221;1\/2&#8243;][vc_single_image image=&#8221;4047&#8243; img_size=&#8221;full&#8221; css_animation=&#8221;left-to-right&#8221;][\/vc_column_inner][vc_column_inner width=&#8221;1\/2&#8243;][vc_column_text css_animation=&#8221;left-to-right&#8221;]<\/p>\n<h5 class=\"desc\">FILMY PLN\u00c9 LETECK\u00ddCH Z\u00c1BEROV?<br \/>\nZA M\u0147A NIE.<\/h5>\n<div class=\"content1 gray-desc\">\n<p>H\u013ead\u00e1m in\u0161pir\u00e1ciu v \u013eudsk\u00fdch pr\u00edbehoch na zemi. Nemusia to by\u0165 hrdinovia \u010di rekord\u00e9ri. Sta\u010dia mi tie najoby\u010dajnej\u0161ie pr\u00edbehy, tie s\u00fa najkraj\u0161ie.<\/p>\n<p>Vzdu\u0161n\u00fdm projektom _AIR FILES si kompenzujem poku\u0161enie lieta\u0165 v mojich filmoch v ka\u017edom tre\u0165om z\u00e1bere. Predsa len, poh\u013ead zhora je ve\u013emi l\u00e1kav\u00fd. Po\u010fte so mnou lieta\u0165, nielen nad Slovenskom.<\/p>\n<p><strong>V\u0161etky dokument\u00e1rne filmy BENDIK FILMS s\u00fa dostupn\u00e9 na streamovacej platforme VIMEO ON DEMAND:<\/strong><\/p>\n<\/div>\n<p>[\/vc_column_text][vc_btn title=&#8221;V\u0160ETKY DOKUMENT\u00c1RNE FILMY&#8221; i_align=&#8221;right&#8221; i_icon_fontawesome=&#8221;fa fa-long-arrow-right&#8221; css_animation=&#8221;left-to-right&#8221; add_icon=&#8221;true&#8221; link=&#8221;url:https%3A%2F%2Fbendikfilms.com%2Findex.php%2Fobchod-filmy%2F|title:Prejs%C5%A5%20do%20obchodu|target:%20_blank|&#8221;][\/vc_column_inner][\/vc_row_inner][\/vc_column][\/vc_row][vc_row full_width=&#8221;stretch_row_content_no_spaces_content&#8221;][vc_column][film_clearfix beau_xxl=&#8221;150px&#8221; beau_xl=&#8221;120px&#8221; beau_lg=&#8221;80px&#8221; beau_md=&#8221;60px&#8221; beau_sm=&#8221;40px&#8221; beau_xs=&#8221;30px&#8221;][vc_row_inner el_class=&#8221;content-love-film content-viewmore&#8221;][vc_column_inner width=&#8221;1\/2&#8243;][vc_video link=&#8221;https:\/\/vimeo.com\/576706901&#8243;][\/vc_column_inner][vc_column_inner width=&#8221;1\/2&#8243;][vc_column_text]<\/p>\n<h5><a href=\"https:\/\/vimeo.com\/576706901\" target=\"_blank\" rel=\"noopener\">VIERKA<\/a><\/h5>\n<p>Ostrov Ugljan v Chorv\u00e1tsku poskytuje mnoho n\u00e1dhern\u00fdch z\u00e1kut\u00ed na oddych alebo \u0161portov\u00e9 aktivity. T\u00e1to \u00fachvatn\u00e1 z\u00e1toka sa po z\u00e1pade slnka st\u00e1va na chv\u00ed\u013eu magick\u00fdm miestom, kde chce\u0161 s v\u00edlami osl\u00e1vi\u0165 v tichu \u010fal\u0161\u00ed n\u00e1dhern\u00fd de\u0148 pri mori.<\/p>\n<p>12. j\u00fal 2021[\/vc_column_text][\/vc_column_inner][\/vc_row_inner][film_clearfix beau_xs=&#8221;4rem&#8221;][vc_row_inner el_class=&#8221;content-love-film content-viewmore&#8221;][vc_column_inner width=&#8221;1\/2&#8243;][vc_video link=&#8221;https:\/\/vimeo.com\/565771754&#8243;][\/vc_column_inner][vc_column_inner width=&#8221;1\/2&#8243;][vc_column_text]<\/p>\n<h5><a href=\"https:\/\/vimeo.com\/565771754\" target=\"_blank\" rel=\"noopener\">SPI\u0160SK\u00c9 BYSTR\u00c9 (4K)<\/a><\/h5>\n<p>Spi\u0161sk\u00e9 Bystr\u00e9 alebo zriedkavo Kubachy (p\u00f4vodn\u00fd n\u00e1zov do roku 1948) je spi\u0161sk\u00e1 obec na v\u00fdchodnom Slovensku v Pre\u0161ovskom kraji, v okrese Poprad. Prv\u00e1 zmienka je zn\u00e1ma z roku 1294, dnes m\u00e1 obec pribli\u017ene 2 550 obyvate\u013eov. V centre obce stoj\u00ed neo-gotick\u00fd kostol Sv. Michala, postaven\u00fd v roku 1820 a prestavan\u00fd do s\u00fa\u010dasnej podoby v roku 1925. V jeho interi\u00e9ri sa dnes nach\u00e1dzaj\u00fa vz\u00e1cne plastiky od Vincenta Hlo\u017en\u00edka.<\/p>\n<p>22. j\u00fan 2021[\/vc_column_text][\/vc_column_inner][\/vc_row_inner][film_clearfix beau_xs=&#8221;4rem&#8221;][vc_row_inner el_class=&#8221;content-love-film content-viewmore&#8221;][vc_column_inner width=&#8221;1\/2&#8243;][vc_video link=&#8221;https:\/\/vimeo.com\/566132873&#8243;][\/vc_column_inner][vc_column_inner width=&#8221;1\/2&#8243;][vc_column_text]<\/p>\n<h5><a href=\"https:\/\/vimeo.com\/566132873\" target=\"_blank\" rel=\"noopener\">MARCHEGG VIADUCT (4K)<\/a><\/h5>\n<p>Medzi stanicami Marchegg a Dev\u00ednska Nov\u00e1 Ves bol v roku 1847 cez rieku Moravu postaven\u00fd 474 m dlh\u00fd most, ktor\u00fd patril k najv\u00e4\u010d\u0161\u00edm vo vtedaj\u0161ej monarchii. Stavbu mosta zrealizovala v rokoch 1846-1847 talianska podnikate\u013esk\u00e1 firma Felice Tallachini. Most bol dvakr\u00e1t zni\u010den\u00fd. S\u00fa\u010dasn\u00fa verziu 87 m dlhej oce\u013eovej kon\u0161trukcie mosta vypracovala a kon\u0161trukciu dodala firma Waagner-Bir\u00f3 a.s. Wien-Stadlau. Bola uveden\u00e1 do prev\u00e1dzky v roku 1962.<\/p>\n<p>26. apr\u00edl 2021[\/vc_column_text][\/vc_column_inner][\/vc_row_inner][\/vc_column][\/vc_row]<\/p>\n","protected":false},"excerpt":{"rendered":"<p>[vc_row full_width=&#8221;stretch_row_content_no_spaces_content&#8221;][vc_column][film_clearfix beau_xxl=&#8221;150px&#8221; beau_xl=&#8221;120px&#8221; beau_lg=&#8221;80px&#8221; beau_md=&#8221;60px&#8221; beau_sm=&#8221;40px&#8221; beau_xs=&#8221;30px&#8221;][vc_column_text el_class=&#8221;title-desc&#8221;] VZDU\u0160N\u00dd PROJEKT _ AIR FILES [\/vc_column_text][film_clearfix beau_xxl=&#8221;100px&#8221; beau_xl=&#8221;80px&#8221; beau_lg=&#8221;60px&#8221; beau_md=&#8221;40px&#8221; beau_sm=&#8221;30px&#8221; beau_xs=&#8221;30px&#8221;][\/vc_column][\/vc_row][vc_row full_width=&#8221;stretch_row_content_no_spaces_content&#8221;][vc_column][vc_row_inner content_placement=&#8221;top&#8221; el_class=&#8221;content-love-film content-viewmore&#8221;][vc_column_inner width=&#8221;1\/2&#8243;][vc_single_image image=&#8221;4047&#8243; img_size=&#8221;full&#8221; css_animation=&#8221;left-to-right&#8221;][\/vc_column_inner][vc_column_inner width=&#8221;1\/2&#8243;][vc_column_text css_animation=&#8221;left-to-right&#8221;] FILMY PLN\u00c9 LETECK\u00ddCH Z\u00c1BEROV? ZA M\u0147A NIE. H\u013ead\u00e1m in\u0161pir\u00e1ciu v \u013eudsk\u00fdch pr\u00edbehoch na zemi. Nemusia to by\u0165 hrdinovia \u010di rekord\u00e9ri. Sta\u010dia mi tie najoby\u010dajnej\u0161ie [&hellip;]<\/p>\n","protected":false},"author":2,"featured_media":4088,"parent":0,"menu_order":0,"comment_status":"closed","ping_status":"closed","template":"template-nonesidebar.php","meta":{"_monsterinsights_skip_tracking":false,"_monsterinsights_sitenote_active":false,"_monsterinsights_sitenote_note":"","_monsterinsights_sitenote_category":0},"yoast_head":"<!-- This site is optimized with the Yoast SEO plugin v18.4.1 - https:\/\/yoast.com\/wordpress\/plugins\/seo\/ -->\n<title>_AIR FILES by BENDIK FILMS<\/title>\n<meta name=\"description\" content=\"Vzdu\u0161n\u00fdm projektom _AIR FILES si kompenzujem poku\u0161enie lieta\u0165 v mojich dokument\u00e1rnych filmoch v ka\u017edom tre\u0165om z\u00e1bere. Predsa len, poh\u013ead zhora je ve\u013emi l\u00e1kav\u00fd. Po\u010fte so mnou lieta\u0165, nielen nad Slovenskom.\" \/>\n<meta name=\"robots\" content=\"index, follow, max-snippet:-1, max-image-preview:large, max-video-preview:-1\" \/>\n<link rel=\"canonical\" href=\"https:\/\/bendikfilms.com\/index.php\/air-files\/\" \/>\n<meta property=\"og:locale\" content=\"en_US\" \/>\n<meta property=\"og:type\" content=\"article\" \/>\n<meta property=\"og:title\" content=\"_ AIR FILES by BENDIK FILMS\" \/>\n<meta property=\"og:description\" content=\"Vzdu\u0161n\u00fd projekt _AIR FILES: Poh\u013ead zhora je ve\u013emi l\u00e1kav\u00fd. Po\u010fte so mnou lieta\u0165, nielen nad Slovenskom.\" \/>\n<meta property=\"og:url\" content=\"https:\/\/bendikfilms.com\/index.php\/air-files\/\" \/>\n<meta property=\"og:site_name\" content=\"BENDIK FILMS\" \/>\n<meta property=\"article:modified_time\" content=\"2021-07-19T15:18:05+00:00\" \/>\n<meta property=\"og:image\" content=\"https:\/\/bendikfilms.com\/wp-content\/uploads\/2021\/07\/VIERKA_vimeo_lowres.png\" \/>\n\t<meta property=\"og:image:width\" content=\"682\" \/>\n\t<meta property=\"og:image:height\" content=\"384\" \/>\n\t<meta property=\"og:image:type\" content=\"image\/png\" \/>\n<meta name=\"twitter:card\" content=\"summary_large_image\" \/>\n<meta name=\"twitter:label1\" content=\"Est. reading time\" \/>\n\t<meta name=\"twitter:data1\" content=\"2 minutes\" \/>\n<script type=\"application\/ld+json\" class=\"yoast-schema-graph\">{\"@context\":\"https:\/\/schema.org\",\"@graph\":[{\"@type\":\"WebSite\",\"@id\":\"https:\/\/bendikfilms.com\/#website\",\"url\":\"https:\/\/bendikfilms.com\/\",\"name\":\"BENDIK FILMS\",\"description\":\"I capture real stories of people who venture to the very edge of their limits.\",\"potentialAction\":[{\"@type\":\"SearchAction\",\"target\":{\"@type\":\"EntryPoint\",\"urlTemplate\":\"https:\/\/bendikfilms.com\/?s={search_term_string}\"},\"query-input\":\"required name=search_term_string\"}],\"inLanguage\":\"en-US\"},{\"@type\":\"ImageObject\",\"@id\":\"https:\/\/bendikfilms.com\/index.php\/air-files\/#primaryimage\",\"inLanguage\":\"en-US\",\"url\":\"https:\/\/bendikfilms.com\/wp-content\/uploads\/2021\/07\/VIERKA_vimeo_lowres.png\",\"contentUrl\":\"https:\/\/bendikfilms.com\/wp-content\/uploads\/2021\/07\/VIERKA_vimeo_lowres.png\",\"width\":682,\"height\":384,\"caption\":\"vierka air files\"},{\"@type\":\"WebPage\",\"@id\":\"https:\/\/bendikfilms.com\/index.php\/air-files\/#webpage\",\"url\":\"https:\/\/bendikfilms.com\/index.php\/air-files\/\",\"name\":\"_AIR FILES by BENDIK FILMS\",\"isPartOf\":{\"@id\":\"https:\/\/bendikfilms.com\/#website\"},\"primaryImageOfPage\":{\"@id\":\"https:\/\/bendikfilms.com\/index.php\/air-files\/#primaryimage\"},\"datePublished\":\"2021-06-22T10:38:22+00:00\",\"dateModified\":\"2021-07-19T15:18:05+00:00\",\"description\":\"Vzdu\u0161n\u00fdm projektom _AIR FILES si kompenzujem poku\u0161enie lieta\u0165 v mojich dokument\u00e1rnych filmoch v ka\u017edom tre\u0165om z\u00e1bere. Predsa len, poh\u013ead zhora je ve\u013emi l\u00e1kav\u00fd. Po\u010fte so mnou lieta\u0165, nielen nad Slovenskom.\",\"breadcrumb\":{\"@id\":\"https:\/\/bendikfilms.com\/index.php\/air-files\/#breadcrumb\"},\"inLanguage\":\"en-US\",\"potentialAction\":[{\"@type\":\"ReadAction\",\"target\":[\"https:\/\/bendikfilms.com\/index.php\/air-files\/\"]}]},{\"@type\":\"BreadcrumbList\",\"@id\":\"https:\/\/bendikfilms.com\/index.php\/air-files\/#breadcrumb\",\"itemListElement\":[{\"@type\":\"ListItem\",\"position\":1,\"name\":\"Home\",\"item\":\"https:\/\/bendikfilms.com\/\"},{\"@type\":\"ListItem\",\"position\":2,\"name\":\"_AIR FILES\"}]}]}<\/script>\n<!-- \/ Yoast SEO plugin. -->","yoast_head_json":{"title":"_AIR FILES by BENDIK FILMS","description":"Vzdu\u0161n\u00fdm projektom _AIR FILES si kompenzujem poku\u0161enie lieta\u0165 v mojich dokument\u00e1rnych filmoch v ka\u017edom tre\u0165om z\u00e1bere. Predsa len, poh\u013ead zhora je ve\u013emi l\u00e1kav\u00fd. Po\u010fte so mnou lieta\u0165, nielen nad Slovenskom.","robots":{"index":"index","follow":"follow","max-snippet":"max-snippet:-1","max-image-preview":"max-image-preview:large","max-video-preview":"max-video-preview:-1"},"canonical":"https:\/\/bendikfilms.com\/index.php\/air-files\/","og_locale":"en_US","og_type":"article","og_title":"_ AIR FILES by BENDIK FILMS","og_description":"Vzdu\u0161n\u00fd projekt _AIR FILES: Poh\u013ead zhora je ve\u013emi l\u00e1kav\u00fd. Po\u010fte so mnou lieta\u0165, nielen nad Slovenskom.","og_url":"https:\/\/bendikfilms.com\/index.php\/air-files\/","og_site_name":"BENDIK FILMS","article_modified_time":"2021-07-19T15:18:05+00:00","og_image":[{"width":682,"height":384,"url":"https:\/\/bendikfilms.com\/wp-content\/uploads\/2021\/07\/VIERKA_vimeo_lowres.png","type":"image\/png"}],"twitter_card":"summary_large_image","twitter_misc":{"Est. reading time":"2 minutes"},"schema":{"@context":"https:\/\/schema.org","@graph":[{"@type":"WebSite","@id":"https:\/\/bendikfilms.com\/#website","url":"https:\/\/bendikfilms.com\/","name":"BENDIK FILMS","description":"I capture real stories of people who venture to the very edge of their limits.","potentialAction":[{"@type":"SearchAction","target":{"@type":"EntryPoint","urlTemplate":"https:\/\/bendikfilms.com\/?s={search_term_string}"},"query-input":"required name=search_term_string"}],"inLanguage":"en-US"},{"@type":"ImageObject","@id":"https:\/\/bendikfilms.com\/index.php\/air-files\/#primaryimage","inLanguage":"en-US","url":"https:\/\/bendikfilms.com\/wp-content\/uploads\/2021\/07\/VIERKA_vimeo_lowres.png","contentUrl":"https:\/\/bendikfilms.com\/wp-content\/uploads\/2021\/07\/VIERKA_vimeo_lowres.png","width":682,"height":384,"caption":"vierka air files"},{"@type":"WebPage","@id":"https:\/\/bendikfilms.com\/index.php\/air-files\/#webpage","url":"https:\/\/bendikfilms.com\/index.php\/air-files\/","name":"_AIR FILES by BENDIK FILMS","isPartOf":{"@id":"https:\/\/bendikfilms.com\/#website"},"primaryImageOfPage":{"@id":"https:\/\/bendikfilms.com\/index.php\/air-files\/#primaryimage"},"datePublished":"2021-06-22T10:38:22+00:00","dateModified":"2021-07-19T15:18:05+00:00","description":"Vzdu\u0161n\u00fdm projektom _AIR FILES si kompenzujem poku\u0161enie lieta\u0165 v mojich dokument\u00e1rnych filmoch v ka\u017edom tre\u0165om z\u00e1bere. Predsa len, poh\u013ead zhora je ve\u013emi l\u00e1kav\u00fd. Po\u010fte so mnou lieta\u0165, nielen nad Slovenskom.","breadcrumb":{"@id":"https:\/\/bendikfilms.com\/index.php\/air-files\/#breadcrumb"},"inLanguage":"en-US","potentialAction":[{"@type":"ReadAction","target":["https:\/\/bendikfilms.com\/index.php\/air-files\/"]}]},{"@type":"BreadcrumbList","@id":"https:\/\/bendikfilms.com\/index.php\/air-files\/#breadcrumb","itemListElement":[{"@type":"ListItem","position":1,"name":"Home","item":"https:\/\/bendikfilms.com\/"},{"@type":"ListItem","position":2,"name":"_AIR FILES"}]}]}},"_links":{"self":[{"href":"https:\/\/bendikfilms.com\/index.php\/wp-json\/wp\/v2\/pages\/3664"}],"collection":[{"href":"https:\/\/bendikfilms.com\/index.php\/wp-json\/wp\/v2\/pages"}],"about":[{"href":"https:\/\/bendikfilms.com\/index.php\/wp-json\/wp\/v2\/types\/page"}],"author":[{"embeddable":true,"href":"https:\/\/bendikfilms.com\/index.php\/wp-json\/wp\/v2\/users\/2"}],"replies":[{"embeddable":true,"href":"https:\/\/bendikfilms.com\/index.php\/wp-json\/wp\/v2\/comments?post=3664"}],"version-history":[{"count":49,"href":"https:\/\/bendikfilms.com\/index.php\/wp-json\/wp\/v2\/pages\/3664\/revisions"}],"predecessor-version":[{"id":4090,"href":"https:\/\/bendikfilms.com\/index.php\/wp-json\/wp\/v2\/pages\/3664\/revisions\/4090"}],"wp:featuredmedia":[{"embeddable":true,"href":"https:\/\/bendikfilms.com\/index.php\/wp-json\/wp\/v2\/media\/4088"}],"wp:attachment":[{"href":"https:\/\/bendikfilms.com\/index.php\/wp-json\/wp\/v2\/media?parent=3664"}],"curies":[{"name":"wp","href":"https:\/\/api.w.org\/{rel}","templated":true}]}}