{"id":4161,"date":"2022-04-04T19:02:46","date_gmt":"2022-04-04T17:02:46","guid":{"rendered":"https:\/\/bendikfilms.com\/?page_id=4161"},"modified":"2025-03-27T14:23:49","modified_gmt":"2025-03-27T13:23:49","slug":"o-behu","status":"publish","type":"page","link":"https:\/\/bendikfilms.com\/index.php\/o-behu\/","title":{"rendered":"O BEHU"},"content":{"rendered":"<p>[vc_row full_width=&#8221;stretch_row_content_no_spaces_content&#8221;][vc_column][film_clearfix beau_xxl=&#8221;150px&#8221; beau_xl=&#8221;120px&#8221; beau_lg=&#8221;80px&#8221; beau_md=&#8221;60px&#8221; beau_sm=&#8221;40px&#8221; beau_xs=&#8221;30px&#8221;][vc_column_text el_class=&#8221;title-desc&#8221;]<\/p>\n<p style=\"text-align: center;\">KR\u00c1TKE FILMY<\/p>\n<h1 style=\"text-align: center;\">O BEHU<\/h1>\n<p>[\/vc_column_text][film_clearfix beau_xxl=&#8221;100px&#8221; beau_xl=&#8221;80px&#8221; beau_lg=&#8221;60px&#8221; beau_md=&#8221;40px&#8221; beau_sm=&#8221;30px&#8221; beau_xs=&#8221;30px&#8221;][\/vc_column][\/vc_row][vc_row full_width=&#8221;stretch_row_content_no_spaces_content&#8221;][vc_column][vc_row_inner content_placement=&#8221;top&#8221; el_class=&#8221;content-love-film content-viewmore&#8221;][vc_column_inner width=&#8221;1\/2&#8243;][vc_single_image image=&#8221;4164&#8243; img_size=&#8221;full&#8221; css_animation=&#8221;left-to-right&#8221;][\/vc_column_inner][vc_column_inner width=&#8221;1\/2&#8243;][vc_column_text css_animation=&#8221;left-to-right&#8221;]<\/p>\n<h5 class=\"desc\">KR\u00c1TKE FILMY O BEHU.<\/h5>\n<div class=\"content1 gray-desc\">\n<p>Be\u017eeck\u00e9 pr\u00edbehy s\u00fa hlavn\u00fdm motorom mojich filmov. H\u013ead\u00e1m v nich slobodu, l\u00e1sku, v\u00ed\u0165azstv\u00e1, prehry, cti\u017eiados\u0165, ale aj pokoru a umenie rozd\u00e1va\u0165 rados\u0165 \u010di n\u00e1dej v\u0161etk\u00fdm, ktor\u00ed ju potrebuj\u00fa.<\/p>\n<p>Na Slovensku je mnoho be\u017eeck\u00fdch podujat\u00ed, ktor\u00e9 maj\u00fa srdce. Mnoho be\u017ecov, ktor\u00ed radi podporia dobr\u00e9 my\u0161lienky. A mnoho pr\u00edbehov, ktor\u00e9 ukazuj\u00fa, ak\u00ed sme \u013eudia. Na hranici na\u0161ich mo\u017enost\u00ed n\u00e1jdeme svoje druh\u00e9 ja. A pr\u00e1ve pri tom chcem by\u0165 s kamerou v ruke aj ja.<\/p>\n<p><strong>V\u0161etky dokument\u00e1rne filmy BENDIK FILMS s\u00fa dostupn\u00e9 na streamovacej platforme VIMEO ON DEMAND:<\/strong><\/p>\n<\/div>\n<p>[\/vc_column_text][vc_btn title=&#8221;V\u0160ETKY DOKUMENT\u00c1RNE FILMY&#8221; i_align=&#8221;right&#8221; i_icon_fontawesome=&#8221;fa fa-long-arrow-right&#8221; css_animation=&#8221;left-to-right&#8221; add_icon=&#8221;true&#8221; link=&#8221;url:https%3A%2F%2Fbendikfilms.com%2Findex.php%2Fobchod-filmy%2F|title:Prejs%C5%A5%20do%20obchodu|target:%20_blank|&#8221;][\/vc_column_inner][\/vc_row_inner][\/vc_column][\/vc_row][vc_row full_width=&#8221;stretch_row_content_no_spaces_content&#8221;][vc_column][film_clearfix beau_xxl=&#8221;150px&#8221; beau_xl=&#8221;120px&#8221; beau_lg=&#8221;80px&#8221; beau_md=&#8221;60px&#8221; beau_sm=&#8221;40px&#8221; beau_xs=&#8221;30px&#8221;][vc_row_inner el_class=&#8221;content-love-film content-viewmore&#8221;][vc_column_inner width=&#8221;1\/2&#8243;][vc_video link=&#8221;https:\/\/vimeo.com\/728637841&#8243;][\/vc_column_inner][vc_column_inner width=&#8221;1\/2&#8243;][vc_column_text]<\/p>\n<h5><a href=\"https:\/\/vimeo.com\/728637841\">PSOTKOV MEMORI\u00c1L XXXVI<\/a><\/h5>\n<p>Memori\u00e1l Jozefa Psotku je unik\u00e1tny a najstar\u0161\u00ed horsk\u00fd beh vo Vysok\u00fdch Tatr\u00e1ch. Vznikol ako spomienka na v\u00fdznamn\u00fdch slovensk\u00fdch horolezcov, ktor\u00ed zahynuli pri zostupe z najvy\u0161\u0161ej hory sveta, Mount Everestu: Jozef Psotka, Du\u0161an Bec\u00edk, Peter Bo\u017e\u00edk, Jaroslav Ja\u0161ko a Jozef Just.<\/p>\n<p>16. okt\u00f3ber 2021[\/vc_column_text][\/vc_column_inner][\/vc_row_inner][film_clearfix beau_xs=&#8221;4rem&#8221;][\/vc_column][\/vc_row]<\/p>\n","protected":false},"excerpt":{"rendered":"<p>[vc_row full_width=&#8221;stretch_row_content_no_spaces_content&#8221;][vc_column][film_clearfix beau_xxl=&#8221;150px&#8221; beau_xl=&#8221;120px&#8221; beau_lg=&#8221;80px&#8221; beau_md=&#8221;60px&#8221; beau_sm=&#8221;40px&#8221; beau_xs=&#8221;30px&#8221;][vc_column_text el_class=&#8221;title-desc&#8221;] KR\u00c1TKE FILMY O BEHU [\/vc_column_text][film_clearfix beau_xxl=&#8221;100px&#8221; beau_xl=&#8221;80px&#8221; beau_lg=&#8221;60px&#8221; beau_md=&#8221;40px&#8221; beau_sm=&#8221;30px&#8221; beau_xs=&#8221;30px&#8221;][\/vc_column][\/vc_row][vc_row full_width=&#8221;stretch_row_content_no_spaces_content&#8221;][vc_column][vc_row_inner content_placement=&#8221;top&#8221; el_class=&#8221;content-love-film content-viewmore&#8221;][vc_column_inner width=&#8221;1\/2&#8243;][vc_single_image image=&#8221;4164&#8243; img_size=&#8221;full&#8221; css_animation=&#8221;left-to-right&#8221;][\/vc_column_inner][vc_column_inner width=&#8221;1\/2&#8243;][vc_column_text css_animation=&#8221;left-to-right&#8221;] KR\u00c1TKE FILMY O BEHU. Be\u017eeck\u00e9 pr\u00edbehy s\u00fa hlavn\u00fdm motorom mojich filmov. H\u013ead\u00e1m v nich slobodu, l\u00e1sku, v\u00ed\u0165azstv\u00e1, prehry, cti\u017eiados\u0165, ale aj pokoru a umenie rozd\u00e1va\u0165 [&hellip;]<\/p>\n","protected":false},"author":2,"featured_media":4204,"parent":0,"menu_order":0,"comment_status":"closed","ping_status":"closed","template":"template-nonesidebar.php","meta":{"_monsterinsights_skip_tracking":false,"_monsterinsights_sitenote_active":false,"_monsterinsights_sitenote_note":"","_monsterinsights_sitenote_category":0},"yoast_head":"<!-- This site is optimized with the Yoast SEO plugin v18.4.1 - https:\/\/yoast.com\/wordpress\/plugins\/seo\/ -->\n<title>KR\u00c1TKE FILMY O BEHU by BENDIK FILMS<\/title>\n<meta name=\"description\" content=\"Be\u017eeck\u00e9 pr\u00edbehy s\u00fa hlavn\u00fdm motorom mojich filmov. Na Slovensku je mnoho be\u017eeck\u00fdch podujat\u00ed, ktor\u00e9 maj\u00fa srdce. Mnoho be\u017ecov, ktor\u00ed radi podporia dobr\u00e9 my\u0161lienky. A mnoho pr\u00edbehov, ktor\u00e9 ukazuj\u00fa, ak\u00ed sme \u013eudia.\" \/>\n<meta name=\"robots\" content=\"index, follow, max-snippet:-1, max-image-preview:large, max-video-preview:-1\" \/>\n<link rel=\"canonical\" href=\"https:\/\/bendikfilms.com\/index.php\/o-behu\/\" \/>\n<meta property=\"og:locale\" content=\"en_US\" \/>\n<meta property=\"og:type\" content=\"article\" \/>\n<meta property=\"og:title\" content=\"KR\u00c1TKE FILMY O BEHU by BENDIK FILMS\" \/>\n<meta property=\"og:description\" content=\"Be\u017eeck\u00e9 pr\u00edbehy s\u00fa hlavn\u00fdm motorom mojich filmov. Na Slovensku je mnoho be\u017eeck\u00fdch podujat\u00ed, ktor\u00e9 maj\u00fa srdce. Mnoho be\u017ecov, ktor\u00ed radi podporia dobr\u00e9 my\u0161lienky. A mnoho pr\u00edbehov, ktor\u00e9 ukazuj\u00fa, ak\u00ed sme \u013eudia.\" \/>\n<meta property=\"og:url\" content=\"https:\/\/bendikfilms.com\/index.php\/o-behu\/\" \/>\n<meta property=\"og:site_name\" content=\"BENDIK FILMS\" \/>\n<meta property=\"article:modified_time\" content=\"2025-03-27T13:23:49+00:00\" \/>\n<meta property=\"og:image\" content=\"https:\/\/bendikfilms.com\/wp-content\/uploads\/2022\/07\/psotkov-memorial_2021_fullhd_lowres.png\" \/>\n\t<meta property=\"og:image:width\" content=\"682\" \/>\n\t<meta property=\"og:image:height\" content=\"384\" \/>\n\t<meta property=\"og:image:type\" content=\"image\/png\" \/>\n<meta name=\"twitter:card\" content=\"summary_large_image\" \/>\n<meta name=\"twitter:label1\" content=\"Est. reading time\" \/>\n\t<meta name=\"twitter:data1\" content=\"1 minute\" \/>\n<script type=\"application\/ld+json\" class=\"yoast-schema-graph\">{\"@context\":\"https:\/\/schema.org\",\"@graph\":[{\"@type\":\"WebSite\",\"@id\":\"https:\/\/bendikfilms.com\/#website\",\"url\":\"https:\/\/bendikfilms.com\/\",\"name\":\"BENDIK FILMS\",\"description\":\"I capture real stories of people who venture to the very edge of their limits.\",\"potentialAction\":[{\"@type\":\"SearchAction\",\"target\":{\"@type\":\"EntryPoint\",\"urlTemplate\":\"https:\/\/bendikfilms.com\/?s={search_term_string}\"},\"query-input\":\"required name=search_term_string\"}],\"inLanguage\":\"en-US\"},{\"@type\":\"ImageObject\",\"@id\":\"https:\/\/bendikfilms.com\/index.php\/o-behu\/#primaryimage\",\"inLanguage\":\"en-US\",\"url\":\"https:\/\/bendikfilms.com\/wp-content\/uploads\/2022\/07\/psotkov-memorial_2021_fullhd_lowres.png\",\"contentUrl\":\"https:\/\/bendikfilms.com\/wp-content\/uploads\/2022\/07\/psotkov-memorial_2021_fullhd_lowres.png\",\"width\":682,\"height\":384,\"caption\":\"psotkov memorial\"},{\"@type\":\"WebPage\",\"@id\":\"https:\/\/bendikfilms.com\/index.php\/o-behu\/#webpage\",\"url\":\"https:\/\/bendikfilms.com\/index.php\/o-behu\/\",\"name\":\"KR\u00c1TKE FILMY O BEHU by BENDIK FILMS\",\"isPartOf\":{\"@id\":\"https:\/\/bendikfilms.com\/#website\"},\"primaryImageOfPage\":{\"@id\":\"https:\/\/bendikfilms.com\/index.php\/o-behu\/#primaryimage\"},\"datePublished\":\"2022-04-04T17:02:46+00:00\",\"dateModified\":\"2025-03-27T13:23:49+00:00\",\"description\":\"Be\u017eeck\u00e9 pr\u00edbehy s\u00fa hlavn\u00fdm motorom mojich filmov. Na Slovensku je mnoho be\u017eeck\u00fdch podujat\u00ed, ktor\u00e9 maj\u00fa srdce. Mnoho be\u017ecov, ktor\u00ed radi podporia dobr\u00e9 my\u0161lienky. A mnoho pr\u00edbehov, ktor\u00e9 ukazuj\u00fa, ak\u00ed sme \u013eudia.\",\"breadcrumb\":{\"@id\":\"https:\/\/bendikfilms.com\/index.php\/o-behu\/#breadcrumb\"},\"inLanguage\":\"en-US\",\"potentialAction\":[{\"@type\":\"ReadAction\",\"target\":[\"https:\/\/bendikfilms.com\/index.php\/o-behu\/\"]}]},{\"@type\":\"BreadcrumbList\",\"@id\":\"https:\/\/bendikfilms.com\/index.php\/o-behu\/#breadcrumb\",\"itemListElement\":[{\"@type\":\"ListItem\",\"position\":1,\"name\":\"Home\",\"item\":\"https:\/\/bendikfilms.com\/\"},{\"@type\":\"ListItem\",\"position\":2,\"name\":\"O BEHU\"}]}]}<\/script>\n<!-- \/ Yoast SEO plugin. -->","yoast_head_json":{"title":"KR\u00c1TKE FILMY O BEHU by BENDIK FILMS","description":"Be\u017eeck\u00e9 pr\u00edbehy s\u00fa hlavn\u00fdm motorom mojich filmov. Na Slovensku je mnoho be\u017eeck\u00fdch podujat\u00ed, ktor\u00e9 maj\u00fa srdce. Mnoho be\u017ecov, ktor\u00ed radi podporia dobr\u00e9 my\u0161lienky. A mnoho pr\u00edbehov, ktor\u00e9 ukazuj\u00fa, ak\u00ed sme \u013eudia.","robots":{"index":"index","follow":"follow","max-snippet":"max-snippet:-1","max-image-preview":"max-image-preview:large","max-video-preview":"max-video-preview:-1"},"canonical":"https:\/\/bendikfilms.com\/index.php\/o-behu\/","og_locale":"en_US","og_type":"article","og_title":"KR\u00c1TKE FILMY O BEHU by BENDIK FILMS","og_description":"Be\u017eeck\u00e9 pr\u00edbehy s\u00fa hlavn\u00fdm motorom mojich filmov. Na Slovensku je mnoho be\u017eeck\u00fdch podujat\u00ed, ktor\u00e9 maj\u00fa srdce. Mnoho be\u017ecov, ktor\u00ed radi podporia dobr\u00e9 my\u0161lienky. A mnoho pr\u00edbehov, ktor\u00e9 ukazuj\u00fa, ak\u00ed sme \u013eudia.","og_url":"https:\/\/bendikfilms.com\/index.php\/o-behu\/","og_site_name":"BENDIK FILMS","article_modified_time":"2025-03-27T13:23:49+00:00","og_image":[{"width":682,"height":384,"url":"https:\/\/bendikfilms.com\/wp-content\/uploads\/2022\/07\/psotkov-memorial_2021_fullhd_lowres.png","type":"image\/png"}],"twitter_card":"summary_large_image","twitter_misc":{"Est. reading time":"1 minute"},"schema":{"@context":"https:\/\/schema.org","@graph":[{"@type":"WebSite","@id":"https:\/\/bendikfilms.com\/#website","url":"https:\/\/bendikfilms.com\/","name":"BENDIK FILMS","description":"I capture real stories of people who venture to the very edge of their limits.","potentialAction":[{"@type":"SearchAction","target":{"@type":"EntryPoint","urlTemplate":"https:\/\/bendikfilms.com\/?s={search_term_string}"},"query-input":"required name=search_term_string"}],"inLanguage":"en-US"},{"@type":"ImageObject","@id":"https:\/\/bendikfilms.com\/index.php\/o-behu\/#primaryimage","inLanguage":"en-US","url":"https:\/\/bendikfilms.com\/wp-content\/uploads\/2022\/07\/psotkov-memorial_2021_fullhd_lowres.png","contentUrl":"https:\/\/bendikfilms.com\/wp-content\/uploads\/2022\/07\/psotkov-memorial_2021_fullhd_lowres.png","width":682,"height":384,"caption":"psotkov memorial"},{"@type":"WebPage","@id":"https:\/\/bendikfilms.com\/index.php\/o-behu\/#webpage","url":"https:\/\/bendikfilms.com\/index.php\/o-behu\/","name":"KR\u00c1TKE FILMY O BEHU by BENDIK FILMS","isPartOf":{"@id":"https:\/\/bendikfilms.com\/#website"},"primaryImageOfPage":{"@id":"https:\/\/bendikfilms.com\/index.php\/o-behu\/#primaryimage"},"datePublished":"2022-04-04T17:02:46+00:00","dateModified":"2025-03-27T13:23:49+00:00","description":"Be\u017eeck\u00e9 pr\u00edbehy s\u00fa hlavn\u00fdm motorom mojich filmov. Na Slovensku je mnoho be\u017eeck\u00fdch podujat\u00ed, ktor\u00e9 maj\u00fa srdce. Mnoho be\u017ecov, ktor\u00ed radi podporia dobr\u00e9 my\u0161lienky. A mnoho pr\u00edbehov, ktor\u00e9 ukazuj\u00fa, ak\u00ed sme \u013eudia.","breadcrumb":{"@id":"https:\/\/bendikfilms.com\/index.php\/o-behu\/#breadcrumb"},"inLanguage":"en-US","potentialAction":[{"@type":"ReadAction","target":["https:\/\/bendikfilms.com\/index.php\/o-behu\/"]}]},{"@type":"BreadcrumbList","@id":"https:\/\/bendikfilms.com\/index.php\/o-behu\/#breadcrumb","itemListElement":[{"@type":"ListItem","position":1,"name":"Home","item":"https:\/\/bendikfilms.com\/"},{"@type":"ListItem","position":2,"name":"O BEHU"}]}]}},"_links":{"self":[{"href":"https:\/\/bendikfilms.com\/index.php\/wp-json\/wp\/v2\/pages\/4161"}],"collection":[{"href":"https:\/\/bendikfilms.com\/index.php\/wp-json\/wp\/v2\/pages"}],"about":[{"href":"https:\/\/bendikfilms.com\/index.php\/wp-json\/wp\/v2\/types\/page"}],"author":[{"embeddable":true,"href":"https:\/\/bendikfilms.com\/index.php\/wp-json\/wp\/v2\/users\/2"}],"replies":[{"embeddable":true,"href":"https:\/\/bendikfilms.com\/index.php\/wp-json\/wp\/v2\/comments?post=4161"}],"version-history":[{"count":6,"href":"https:\/\/bendikfilms.com\/index.php\/wp-json\/wp\/v2\/pages\/4161\/revisions"}],"predecessor-version":[{"id":4410,"href":"https:\/\/bendikfilms.com\/index.php\/wp-json\/wp\/v2\/pages\/4161\/revisions\/4410"}],"wp:featuredmedia":[{"embeddable":true,"href":"https:\/\/bendikfilms.com\/index.php\/wp-json\/wp\/v2\/media\/4204"}],"wp:attachment":[{"href":"https:\/\/bendikfilms.com\/index.php\/wp-json\/wp\/v2\/media?parent=4161"}],"curies":[{"name":"wp","href":"https:\/\/api.w.org\/{rel}","templated":true}]}}