{"id":4191,"date":"2022-05-04T00:04:56","date_gmt":"2022-05-03T22:04:56","guid":{"rendered":"https:\/\/bendikfilms.com\/?page_id=4191"},"modified":"2022-05-08T19:07:28","modified_gmt":"2022-05-08T17:07:28","slug":"o-vojne","status":"publish","type":"page","link":"https:\/\/bendikfilms.com\/index.php\/o-vojne\/","title":{"rendered":"O VOJNE"},"content":{"rendered":"<p>[vc_row full_width=&#8221;stretch_row_content_no_spaces_content&#8221;][vc_column][film_clearfix beau_xxl=&#8221;150px&#8221; beau_xl=&#8221;120px&#8221; beau_lg=&#8221;80px&#8221; beau_md=&#8221;60px&#8221; beau_sm=&#8221;40px&#8221; beau_xs=&#8221;30px&#8221;][vc_column_text el_class=&#8221;title-desc&#8221;]<\/p>\n<p style=\"text-align: center;\">KR\u00c1TKE FILMY<\/p>\n<h1 style=\"text-align: center;\">O VOJNE<\/h1>\n<p>[\/vc_column_text][film_clearfix beau_xxl=&#8221;100px&#8221; beau_xl=&#8221;80px&#8221; beau_lg=&#8221;60px&#8221; beau_md=&#8221;40px&#8221; beau_sm=&#8221;30px&#8221; beau_xs=&#8221;30px&#8221;][\/vc_column][\/vc_row][vc_row full_width=&#8221;stretch_row_content_no_spaces_content&#8221;][vc_column][vc_row_inner content_placement=&#8221;top&#8221; el_class=&#8221;content-love-film content-viewmore&#8221;][vc_column_inner width=&#8221;1\/2&#8243;][vc_single_image image=&#8221;4192&#8243; img_size=&#8221;full&#8221; css_animation=&#8221;left-to-right&#8221;][\/vc_column_inner][vc_column_inner width=&#8221;1\/2&#8243;][vc_column_text css_animation=&#8221;left-to-right&#8221;]<\/p>\n<h5 class=\"desc\">KR\u00c1TKE FILMY O VOJNE.<\/h5>\n<div class=\"content1 gray-desc\">\n<p><em>Naqoyqatsi<\/em>\u00a0 je slovo v jazyku indi\u00e1nskeho kme\u0148a Hopi.<br \/>\nVo vo\u013enom preklade <em>&#8220;\u017eivot ako vojna&#8221;<\/em>. Niekedy aj <em>&#8220;civilizovan\u00e9 n\u00e1silie&#8221;<\/em> alebo aj <em>&#8220;\u017eivot ako vz\u00e1jomn\u00e9 zab\u00edjanie&#8221;<\/em>.<\/p>\n<p>Uprostred Eur\u00f3py, uprostred 20. storo\u010dia (1933 &#8211; 1945), zavra\u017edili Sovieti a nacisti na krvavom \u00fazem\u00ed medzi Berl\u00ednom a Moskvou 14 mili\u00f3nov civilistov. Bol to v\u00fdsledok\u00a0 cielenej politiky Hitlera a Stalina, ktor\u00e1 priamo nes\u00favisela s bojov\u00fdmi oper\u00e1ciami (Timothy Snyder, 2010). Vladim\u00edr Putin vo vra\u017eden\u00ed pokra\u010duje. V roku 2022&#8230;<\/p>\n<p><strong>V\u0161etky dokument\u00e1rne filmy BENDIK FILMS s\u00fa dostupn\u00e9 na streamovacej platforme VIMEO ON DEMAND:<\/strong><\/p>\n<\/div>\n<p>[\/vc_column_text][vc_btn title=&#8221;V\u0160ETKY DOKUMENT\u00c1RNE FILMY&#8221; i_align=&#8221;right&#8221; i_icon_fontawesome=&#8221;fa fa-long-arrow-right&#8221; css_animation=&#8221;left-to-right&#8221; add_icon=&#8221;true&#8221; link=&#8221;url:https%3A%2F%2Fbendikfilms.com%2Findex.php%2Fobchod-filmy%2F|title:Prejs%C5%A5%20do%20obchodu|target:%20_blank|&#8221;][\/vc_column_inner][\/vc_row_inner][\/vc_column][\/vc_row][vc_row full_width=&#8221;stretch_row_content_no_spaces_content&#8221;][vc_column][film_clearfix beau_xxl=&#8221;150px&#8221; beau_xl=&#8221;120px&#8221; beau_lg=&#8221;80px&#8221; beau_md=&#8221;60px&#8221; beau_sm=&#8221;40px&#8221; beau_xs=&#8221;30px&#8221;][vc_row_inner el_class=&#8221;content-love-film content-viewmore&#8221;][vc_column_inner width=&#8221;1\/2&#8243;][vc_video link=&#8221;https:\/\/vimeo.com\/707535524&#8243;][\/vc_column_inner][vc_column_inner width=&#8221;1\/2&#8243;][vc_column_text]<\/p>\n<h5><a href=\"https:\/\/vimeo.com\/707535524\">Prejav prezidenta Ukrajiny &#8211; De\u0148 v\u00ed\u0165azstva nad fa\u0161izmom (SK titulky)<\/a><\/h5>\n<p>Tento rok hovor\u00edme \u201eNikdy viac\u201c inak. \u201eNikdy viac\u201c po\u010dujeme inak.<br \/>\nZnie to bolestivo, kruto. Bez v\u00fdkri\u010dn\u00edka, ale s ot\u00e1znikom. Poviete si: Nikdy viac? Povedzte o tom Ukrajine. Ve\u010dn\u00e1 \u010des\u0165 v\u0161etk\u00fdm, ktor\u00ed sa postavili proti nacizmu! Ve\u010dn\u00e1 pamiatka v\u0161etk\u00fdm padl\u00fdm po\u010das druhej svetovej vojny!<\/p>\n<p>8. m\u00e1j 2022[\/vc_column_text][\/vc_column_inner][\/vc_row_inner][film_clearfix beau_xs=&#8221;4rem&#8221;][vc_row_inner el_class=&#8221;content-love-film content-viewmore&#8221;][vc_column_inner width=&#8221;1\/2&#8243;][vc_video link=&#8221;https:\/\/vimeo.com\/705908775&#8243;][\/vc_column_inner][vc_column_inner width=&#8221;1\/2&#8243;][vc_column_text]<\/p>\n<h5><a href=\"https:\/\/vimeo.com\/705908775\">Kali\u0161te, Leningrad 1941 &#8211; Mariupol 2022<\/a><\/h5>\n<p>Zuzana Diamantov\u00e1 18. marca 1945 ako die\u0165a z\u00e1zrakom pre\u017eila vyp\u00e1lenie a vyvra\u017edenie obce K\u013eak. Elvira Borts pre\u017eila holokaust, obliehanie Leningradu nemeck\u00fdmi vojskami v roku 1941 a\u017e 1944, a napokon aj obliehanie Mariupo\u013ea rusk\u00fdmi okupantami o 80 rokov nesk\u00f4r. Ni\u010d sme sa nenau\u010dili. Rob\u00edme rovnak\u00e9 chyby a p\u00e1chame rovnak\u00e9 zverstv\u00e1.<\/p>\n<p>marec 2022[\/vc_column_text][\/vc_column_inner][\/vc_row_inner][film_clearfix beau_xs=&#8221;4rem&#8221;][\/vc_column][\/vc_row]<\/p>\n","protected":false},"excerpt":{"rendered":"<p>[vc_row full_width=&#8221;stretch_row_content_no_spaces_content&#8221;][vc_column][film_clearfix beau_xxl=&#8221;150px&#8221; beau_xl=&#8221;120px&#8221; beau_lg=&#8221;80px&#8221; beau_md=&#8221;60px&#8221; beau_sm=&#8221;40px&#8221; beau_xs=&#8221;30px&#8221;][vc_column_text el_class=&#8221;title-desc&#8221;] KR\u00c1TKE FILMY O VOJNE [\/vc_column_text][film_clearfix beau_xxl=&#8221;100px&#8221; beau_xl=&#8221;80px&#8221; beau_lg=&#8221;60px&#8221; beau_md=&#8221;40px&#8221; beau_sm=&#8221;30px&#8221; beau_xs=&#8221;30px&#8221;][\/vc_column][\/vc_row][vc_row full_width=&#8221;stretch_row_content_no_spaces_content&#8221;][vc_column][vc_row_inner content_placement=&#8221;top&#8221; el_class=&#8221;content-love-film content-viewmore&#8221;][vc_column_inner width=&#8221;1\/2&#8243;][vc_single_image image=&#8221;4192&#8243; img_size=&#8221;full&#8221; css_animation=&#8221;left-to-right&#8221;][\/vc_column_inner][vc_column_inner width=&#8221;1\/2&#8243;][vc_column_text css_animation=&#8221;left-to-right&#8221;] KR\u00c1TKE FILMY O VOJNE. Naqoyqatsi\u00a0 je slovo v jazyku indi\u00e1nskeho kme\u0148a Hopi. Vo vo\u013enom preklade &#8220;\u017eivot ako vojna&#8221;. Niekedy aj &#8220;civilizovan\u00e9 n\u00e1silie&#8221; alebo aj &#8220;\u017eivot [&hellip;]<\/p>\n","protected":false},"author":2,"featured_media":4200,"parent":0,"menu_order":0,"comment_status":"closed","ping_status":"closed","template":"template-nonesidebar.php","meta":{"_monsterinsights_skip_tracking":false,"_monsterinsights_sitenote_active":false,"_monsterinsights_sitenote_note":"","_monsterinsights_sitenote_category":0},"yoast_head":"<!-- This site is optimized with the Yoast SEO plugin v18.4.1 - https:\/\/yoast.com\/wordpress\/plugins\/seo\/ -->\n<title>KR\u00c1TKE FILMY O VOJNE by BENDIK FILMS<\/title>\n<meta name=\"description\" content=\"Uprostred Eur\u00f3py, uprostred 20. storo\u010dia (1933 - 1945), zavra\u017edili Sovieti a nacisti na krvavom \u00fazem\u00ed medzi Berl\u00ednom a Moskvou 14 mili\u00f3nov civilistov. Bol to v\u00fdsledok\u00a0 cielenej politiky Hitlera a Stalina, ktor\u00e1 priamo nes\u00favisela s bojov\u00fdmi oper\u00e1ciami (Timothy Snyder, 2010). Vladim\u00edr Putin vo vra\u017eden\u00ed pokra\u010duje. V roku 2022...\" \/>\n<meta name=\"robots\" content=\"index, follow, max-snippet:-1, max-image-preview:large, max-video-preview:-1\" \/>\n<link rel=\"canonical\" href=\"https:\/\/bendikfilms.com\/index.php\/o-vojne\/\" \/>\n<meta property=\"og:locale\" content=\"en_US\" \/>\n<meta property=\"og:type\" content=\"article\" \/>\n<meta property=\"og:title\" content=\"Prejav prezidenta Ukrajiny - De\u0148 v\u00ed\u0165azstva nad fa\u0161izmom (SK titulky)\" \/>\n<meta property=\"og:description\" content=\"Slovensk\u00fd preklad a titulky: Viliam Bend\u00edk, bendikfilms.com\" \/>\n<meta property=\"og:url\" content=\"https:\/\/bendikfilms.com\/index.php\/o-vojne\/\" \/>\n<meta property=\"og:site_name\" content=\"BENDIK FILMS\" \/>\n<meta property=\"article:modified_time\" content=\"2022-05-08T17:07:28+00:00\" \/>\n<meta property=\"og:image\" content=\"https:\/\/bendikfilms.com\/wp-content\/uploads\/2022\/05\/Volodymyr-Zelensky-768x415.png\" \/>\n\t<meta property=\"og:image:width\" content=\"768\" \/>\n\t<meta property=\"og:image:height\" content=\"415\" \/>\n\t<meta property=\"og:image:type\" content=\"image\/png\" \/>\n<meta name=\"twitter:card\" content=\"summary_large_image\" \/>\n<meta name=\"twitter:label1\" content=\"Est. reading time\" \/>\n\t<meta name=\"twitter:data1\" content=\"2 minutes\" \/>\n<script type=\"application\/ld+json\" class=\"yoast-schema-graph\">{\"@context\":\"https:\/\/schema.org\",\"@graph\":[{\"@type\":\"WebSite\",\"@id\":\"https:\/\/bendikfilms.com\/#website\",\"url\":\"https:\/\/bendikfilms.com\/\",\"name\":\"BENDIK FILMS\",\"description\":\"I capture real stories of people who venture to the very edge of their limits.\",\"potentialAction\":[{\"@type\":\"SearchAction\",\"target\":{\"@type\":\"EntryPoint\",\"urlTemplate\":\"https:\/\/bendikfilms.com\/?s={search_term_string}\"},\"query-input\":\"required name=search_term_string\"}],\"inLanguage\":\"en-US\"},{\"@type\":\"ImageObject\",\"@id\":\"https:\/\/bendikfilms.com\/index.php\/o-vojne\/#primaryimage\",\"inLanguage\":\"en-US\",\"url\":\"https:\/\/bendikfilms.com\/wp-content\/uploads\/2022\/05\/Volodymyr-Zelensky.png\",\"contentUrl\":\"https:\/\/bendikfilms.com\/wp-content\/uploads\/2022\/05\/Volodymyr-Zelensky.png\",\"width\":3783,\"height\":2044,\"caption\":\"Volodymyr Zelensky\"},{\"@type\":\"WebPage\",\"@id\":\"https:\/\/bendikfilms.com\/index.php\/o-vojne\/#webpage\",\"url\":\"https:\/\/bendikfilms.com\/index.php\/o-vojne\/\",\"name\":\"KR\u00c1TKE FILMY O VOJNE by BENDIK FILMS\",\"isPartOf\":{\"@id\":\"https:\/\/bendikfilms.com\/#website\"},\"primaryImageOfPage\":{\"@id\":\"https:\/\/bendikfilms.com\/index.php\/o-vojne\/#primaryimage\"},\"datePublished\":\"2022-05-03T22:04:56+00:00\",\"dateModified\":\"2022-05-08T17:07:28+00:00\",\"description\":\"Uprostred Eur\u00f3py, uprostred 20. storo\u010dia (1933 - 1945), zavra\u017edili Sovieti a nacisti na krvavom \u00fazem\u00ed medzi Berl\u00ednom a Moskvou 14 mili\u00f3nov civilistov. Bol to v\u00fdsledok\u00a0 cielenej politiky Hitlera a Stalina, ktor\u00e1 priamo nes\u00favisela s bojov\u00fdmi oper\u00e1ciami (Timothy Snyder, 2010). Vladim\u00edr Putin vo vra\u017eden\u00ed pokra\u010duje. V roku 2022...\",\"breadcrumb\":{\"@id\":\"https:\/\/bendikfilms.com\/index.php\/o-vojne\/#breadcrumb\"},\"inLanguage\":\"en-US\",\"potentialAction\":[{\"@type\":\"ReadAction\",\"target\":[\"https:\/\/bendikfilms.com\/index.php\/o-vojne\/\"]}]},{\"@type\":\"BreadcrumbList\",\"@id\":\"https:\/\/bendikfilms.com\/index.php\/o-vojne\/#breadcrumb\",\"itemListElement\":[{\"@type\":\"ListItem\",\"position\":1,\"name\":\"Home\",\"item\":\"https:\/\/bendikfilms.com\/\"},{\"@type\":\"ListItem\",\"position\":2,\"name\":\"O VOJNE\"}]}]}<\/script>\n<!-- \/ Yoast SEO plugin. -->","yoast_head_json":{"title":"KR\u00c1TKE FILMY O VOJNE by BENDIK FILMS","description":"Uprostred Eur\u00f3py, uprostred 20. storo\u010dia (1933 - 1945), zavra\u017edili Sovieti a nacisti na krvavom \u00fazem\u00ed medzi Berl\u00ednom a Moskvou 14 mili\u00f3nov civilistov. Bol to v\u00fdsledok\u00a0 cielenej politiky Hitlera a Stalina, ktor\u00e1 priamo nes\u00favisela s bojov\u00fdmi oper\u00e1ciami (Timothy Snyder, 2010). Vladim\u00edr Putin vo vra\u017eden\u00ed pokra\u010duje. V roku 2022...","robots":{"index":"index","follow":"follow","max-snippet":"max-snippet:-1","max-image-preview":"max-image-preview:large","max-video-preview":"max-video-preview:-1"},"canonical":"https:\/\/bendikfilms.com\/index.php\/o-vojne\/","og_locale":"en_US","og_type":"article","og_title":"Prejav prezidenta Ukrajiny - De\u0148 v\u00ed\u0165azstva nad fa\u0161izmom (SK titulky)","og_description":"Slovensk\u00fd preklad a titulky: Viliam Bend\u00edk, bendikfilms.com","og_url":"https:\/\/bendikfilms.com\/index.php\/o-vojne\/","og_site_name":"BENDIK FILMS","article_modified_time":"2022-05-08T17:07:28+00:00","og_image":[{"width":768,"height":415,"url":"https:\/\/bendikfilms.com\/wp-content\/uploads\/2022\/05\/Volodymyr-Zelensky-768x415.png","type":"image\/png"}],"twitter_card":"summary_large_image","twitter_misc":{"Est. reading time":"2 minutes"},"schema":{"@context":"https:\/\/schema.org","@graph":[{"@type":"WebSite","@id":"https:\/\/bendikfilms.com\/#website","url":"https:\/\/bendikfilms.com\/","name":"BENDIK FILMS","description":"I capture real stories of people who venture to the very edge of their limits.","potentialAction":[{"@type":"SearchAction","target":{"@type":"EntryPoint","urlTemplate":"https:\/\/bendikfilms.com\/?s={search_term_string}"},"query-input":"required name=search_term_string"}],"inLanguage":"en-US"},{"@type":"ImageObject","@id":"https:\/\/bendikfilms.com\/index.php\/o-vojne\/#primaryimage","inLanguage":"en-US","url":"https:\/\/bendikfilms.com\/wp-content\/uploads\/2022\/05\/Volodymyr-Zelensky.png","contentUrl":"https:\/\/bendikfilms.com\/wp-content\/uploads\/2022\/05\/Volodymyr-Zelensky.png","width":3783,"height":2044,"caption":"Volodymyr Zelensky"},{"@type":"WebPage","@id":"https:\/\/bendikfilms.com\/index.php\/o-vojne\/#webpage","url":"https:\/\/bendikfilms.com\/index.php\/o-vojne\/","name":"KR\u00c1TKE FILMY O VOJNE by BENDIK FILMS","isPartOf":{"@id":"https:\/\/bendikfilms.com\/#website"},"primaryImageOfPage":{"@id":"https:\/\/bendikfilms.com\/index.php\/o-vojne\/#primaryimage"},"datePublished":"2022-05-03T22:04:56+00:00","dateModified":"2022-05-08T17:07:28+00:00","description":"Uprostred Eur\u00f3py, uprostred 20. storo\u010dia (1933 - 1945), zavra\u017edili Sovieti a nacisti na krvavom \u00fazem\u00ed medzi Berl\u00ednom a Moskvou 14 mili\u00f3nov civilistov. Bol to v\u00fdsledok\u00a0 cielenej politiky Hitlera a Stalina, ktor\u00e1 priamo nes\u00favisela s bojov\u00fdmi oper\u00e1ciami (Timothy Snyder, 2010). Vladim\u00edr Putin vo vra\u017eden\u00ed pokra\u010duje. V roku 2022...","breadcrumb":{"@id":"https:\/\/bendikfilms.com\/index.php\/o-vojne\/#breadcrumb"},"inLanguage":"en-US","potentialAction":[{"@type":"ReadAction","target":["https:\/\/bendikfilms.com\/index.php\/o-vojne\/"]}]},{"@type":"BreadcrumbList","@id":"https:\/\/bendikfilms.com\/index.php\/o-vojne\/#breadcrumb","itemListElement":[{"@type":"ListItem","position":1,"name":"Home","item":"https:\/\/bendikfilms.com\/"},{"@type":"ListItem","position":2,"name":"O VOJNE"}]}]}},"_links":{"self":[{"href":"https:\/\/bendikfilms.com\/index.php\/wp-json\/wp\/v2\/pages\/4191"}],"collection":[{"href":"https:\/\/bendikfilms.com\/index.php\/wp-json\/wp\/v2\/pages"}],"about":[{"href":"https:\/\/bendikfilms.com\/index.php\/wp-json\/wp\/v2\/types\/page"}],"author":[{"embeddable":true,"href":"https:\/\/bendikfilms.com\/index.php\/wp-json\/wp\/v2\/users\/2"}],"replies":[{"embeddable":true,"href":"https:\/\/bendikfilms.com\/index.php\/wp-json\/wp\/v2\/comments?post=4191"}],"version-history":[{"count":6,"href":"https:\/\/bendikfilms.com\/index.php\/wp-json\/wp\/v2\/pages\/4191\/revisions"}],"predecessor-version":[{"id":4201,"href":"https:\/\/bendikfilms.com\/index.php\/wp-json\/wp\/v2\/pages\/4191\/revisions\/4201"}],"wp:featuredmedia":[{"embeddable":true,"href":"https:\/\/bendikfilms.com\/index.php\/wp-json\/wp\/v2\/media\/4200"}],"wp:attachment":[{"href":"https:\/\/bendikfilms.com\/index.php\/wp-json\/wp\/v2\/media?parent=4191"}],"curies":[{"name":"wp","href":"https:\/\/api.w.org\/{rel}","templated":true}]}}