{"id":498,"date":"2015-12-12T07:52:38","date_gmt":"2015-12-12T07:52:38","guid":{"rendered":"http:\/\/filmmaker.beautheme.com\/?page_id=498"},"modified":"2019-10-01T09:18:12","modified_gmt":"2019-10-01T07:18:12","slug":"kontakt","status":"publish","type":"page","link":"https:\/\/bendikfilms.com\/index.php\/kontakt\/","title":{"rendered":"Kontakt"},"content":{"rendered":"<p>[vc_row full_width=&#8221;stretch_row_content_no_spaces&#8221;][vc_column][film_contact contact_type=&#8221;357&#8243; contact_show=&#8221;1&#8243; contact_title_two=&#8221;Email&#8221; contact_title=&#8221;KONTAKTUJTE N\u00c1S&#8221; contact_description=&#8221;M\u00e1te z\u00e1ujem o projekciu filmu vo va\u0161ej \u0161kole alebo va\u0161om kine? M\u00e1te ak\u00e9ko\u013evek in\u00e9 ot\u00e1zky? Vypl\u0148te nasledovn\u00fd kontaktn\u00fd formul\u00e1r. Ozveme sa v\u00e1m.&#8221; contact_title_one=&#8221;Miesto p\u00f4sobenia&#8221; contact_content_one=&#8221;Bratislava, Slovensk\u00e1 republika&#8221; contact_content_two=&#8221;info@bendikfilms.com&#8221;][\/vc_column][\/vc_row]<\/p>\n","protected":false},"excerpt":{"rendered":"<p>[vc_row full_width=&#8221;stretch_row_content_no_spaces&#8221;][vc_column][film_contact contact_type=&#8221;357&#8243; contact_show=&#8221;1&#8243; contact_title_two=&#8221;Email&#8221; contact_title=&#8221;KONTAKTUJTE N\u00c1S&#8221; contact_description=&#8221;M\u00e1te z\u00e1ujem o projekciu filmu vo va\u0161ej \u0161kole alebo va\u0161om kine? M\u00e1te ak\u00e9ko\u013evek in\u00e9 ot\u00e1zky? Vypl\u0148te nasledovn\u00fd kontaktn\u00fd formul\u00e1r. Ozveme sa v\u00e1m.&#8221; contact_title_one=&#8221;Miesto p\u00f4sobenia&#8221; contact_content_one=&#8221;Bratislava, Slovensk\u00e1 republika&#8221; contact_content_two=&#8221;info@bendikfilms.com&#8221;][\/vc_column][\/vc_row]<\/p>\n","protected":false},"author":2,"featured_media":0,"parent":0,"menu_order":0,"comment_status":"closed","ping_status":"closed","template":"page-default.php","meta":{"_monsterinsights_skip_tracking":false,"_monsterinsights_sitenote_active":false,"_monsterinsights_sitenote_note":"","_monsterinsights_sitenote_category":0},"yoast_head":"<!-- This site is optimized with the Yoast SEO plugin v18.4.1 - https:\/\/yoast.com\/wordpress\/plugins\/seo\/ -->\n<title>Kontakt | BENDIK FILMS Pr\u00edbehy o behu a o \u017eivote<\/title>\n<meta name=\"description\" content=\"M\u00e1te z\u00e1ujem o projekciu filmu vo va\u0161ej \u0161kole alebo va\u0161om kine? M\u00e1te ak\u00e9ko\u013evek in\u00e9 ot\u00e1zky? Vypl\u0148te kontaktn\u00fd formul\u00e1r. Ozveme sa v\u00e1m.\" \/>\n<meta name=\"robots\" content=\"index, follow, max-snippet:-1, max-image-preview:large, max-video-preview:-1\" \/>\n<link rel=\"canonical\" href=\"https:\/\/bendikfilms.com\/index.php\/kontakt\/\" \/>\n<meta property=\"og:locale\" content=\"en_US\" \/>\n<meta property=\"og:type\" content=\"article\" \/>\n<meta property=\"og:title\" content=\"Kontakt | BENDIK FILMS Pr\u00edbehy o behu a o \u017eivote\" \/>\n<meta property=\"og:description\" content=\"M\u00e1te z\u00e1ujem o projekciu filmu vo va\u0161ej \u0161kole alebo va\u0161om kine? M\u00e1te ak\u00e9ko\u013evek in\u00e9 ot\u00e1zky? Vypl\u0148te kontaktn\u00fd formul\u00e1r. Ozveme sa v\u00e1m.\" \/>\n<meta property=\"og:url\" content=\"https:\/\/bendikfilms.com\/index.php\/kontakt\/\" \/>\n<meta property=\"og:site_name\" content=\"BENDIK FILMS\" \/>\n<meta property=\"article:modified_time\" content=\"2019-10-01T07:18:12+00:00\" \/>\n<meta name=\"twitter:card\" content=\"summary_large_image\" \/>\n<script type=\"application\/ld+json\" class=\"yoast-schema-graph\">{\"@context\":\"https:\/\/schema.org\",\"@graph\":[{\"@type\":\"WebSite\",\"@id\":\"https:\/\/bendikfilms.com\/#website\",\"url\":\"https:\/\/bendikfilms.com\/\",\"name\":\"BENDIK FILMS\",\"description\":\"I capture real stories of people who venture to the very edge of their limits.\",\"potentialAction\":[{\"@type\":\"SearchAction\",\"target\":{\"@type\":\"EntryPoint\",\"urlTemplate\":\"https:\/\/bendikfilms.com\/?s={search_term_string}\"},\"query-input\":\"required name=search_term_string\"}],\"inLanguage\":\"en-US\"},{\"@type\":\"WebPage\",\"@id\":\"https:\/\/bendikfilms.com\/index.php\/kontakt\/#webpage\",\"url\":\"https:\/\/bendikfilms.com\/index.php\/kontakt\/\",\"name\":\"Kontakt | BENDIK FILMS Pr\u00edbehy o behu a o \u017eivote\",\"isPartOf\":{\"@id\":\"https:\/\/bendikfilms.com\/#website\"},\"datePublished\":\"2015-12-12T07:52:38+00:00\",\"dateModified\":\"2019-10-01T07:18:12+00:00\",\"description\":\"M\u00e1te z\u00e1ujem o projekciu filmu vo va\u0161ej \u0161kole alebo va\u0161om kine? M\u00e1te ak\u00e9ko\u013evek in\u00e9 ot\u00e1zky? Vypl\u0148te kontaktn\u00fd formul\u00e1r. Ozveme sa v\u00e1m.\",\"breadcrumb\":{\"@id\":\"https:\/\/bendikfilms.com\/index.php\/kontakt\/#breadcrumb\"},\"inLanguage\":\"en-US\",\"potentialAction\":[{\"@type\":\"ReadAction\",\"target\":[\"https:\/\/bendikfilms.com\/index.php\/kontakt\/\"]}]},{\"@type\":\"BreadcrumbList\",\"@id\":\"https:\/\/bendikfilms.com\/index.php\/kontakt\/#breadcrumb\",\"itemListElement\":[{\"@type\":\"ListItem\",\"position\":1,\"name\":\"Home\",\"item\":\"https:\/\/bendikfilms.com\/\"},{\"@type\":\"ListItem\",\"position\":2,\"name\":\"Kontakt\"}]}]}<\/script>\n<!-- \/ Yoast SEO plugin. -->","yoast_head_json":{"title":"Kontakt | BENDIK FILMS Pr\u00edbehy o behu a o \u017eivote","description":"M\u00e1te z\u00e1ujem o projekciu filmu vo va\u0161ej \u0161kole alebo va\u0161om kine? M\u00e1te ak\u00e9ko\u013evek in\u00e9 ot\u00e1zky? Vypl\u0148te kontaktn\u00fd formul\u00e1r. Ozveme sa v\u00e1m.","robots":{"index":"index","follow":"follow","max-snippet":"max-snippet:-1","max-image-preview":"max-image-preview:large","max-video-preview":"max-video-preview:-1"},"canonical":"https:\/\/bendikfilms.com\/index.php\/kontakt\/","og_locale":"en_US","og_type":"article","og_title":"Kontakt | BENDIK FILMS Pr\u00edbehy o behu a o \u017eivote","og_description":"M\u00e1te z\u00e1ujem o projekciu filmu vo va\u0161ej \u0161kole alebo va\u0161om kine? M\u00e1te ak\u00e9ko\u013evek in\u00e9 ot\u00e1zky? Vypl\u0148te kontaktn\u00fd formul\u00e1r. Ozveme sa v\u00e1m.","og_url":"https:\/\/bendikfilms.com\/index.php\/kontakt\/","og_site_name":"BENDIK FILMS","article_modified_time":"2019-10-01T07:18:12+00:00","twitter_card":"summary_large_image","schema":{"@context":"https:\/\/schema.org","@graph":[{"@type":"WebSite","@id":"https:\/\/bendikfilms.com\/#website","url":"https:\/\/bendikfilms.com\/","name":"BENDIK FILMS","description":"I capture real stories of people who venture to the very edge of their limits.","potentialAction":[{"@type":"SearchAction","target":{"@type":"EntryPoint","urlTemplate":"https:\/\/bendikfilms.com\/?s={search_term_string}"},"query-input":"required name=search_term_string"}],"inLanguage":"en-US"},{"@type":"WebPage","@id":"https:\/\/bendikfilms.com\/index.php\/kontakt\/#webpage","url":"https:\/\/bendikfilms.com\/index.php\/kontakt\/","name":"Kontakt | BENDIK FILMS Pr\u00edbehy o behu a o \u017eivote","isPartOf":{"@id":"https:\/\/bendikfilms.com\/#website"},"datePublished":"2015-12-12T07:52:38+00:00","dateModified":"2019-10-01T07:18:12+00:00","description":"M\u00e1te z\u00e1ujem o projekciu filmu vo va\u0161ej \u0161kole alebo va\u0161om kine? M\u00e1te ak\u00e9ko\u013evek in\u00e9 ot\u00e1zky? Vypl\u0148te kontaktn\u00fd formul\u00e1r. Ozveme sa v\u00e1m.","breadcrumb":{"@id":"https:\/\/bendikfilms.com\/index.php\/kontakt\/#breadcrumb"},"inLanguage":"en-US","potentialAction":[{"@type":"ReadAction","target":["https:\/\/bendikfilms.com\/index.php\/kontakt\/"]}]},{"@type":"BreadcrumbList","@id":"https:\/\/bendikfilms.com\/index.php\/kontakt\/#breadcrumb","itemListElement":[{"@type":"ListItem","position":1,"name":"Home","item":"https:\/\/bendikfilms.com\/"},{"@type":"ListItem","position":2,"name":"Kontakt"}]}]}},"_links":{"self":[{"href":"https:\/\/bendikfilms.com\/index.php\/wp-json\/wp\/v2\/pages\/498"}],"collection":[{"href":"https:\/\/bendikfilms.com\/index.php\/wp-json\/wp\/v2\/pages"}],"about":[{"href":"https:\/\/bendikfilms.com\/index.php\/wp-json\/wp\/v2\/types\/page"}],"author":[{"embeddable":true,"href":"https:\/\/bendikfilms.com\/index.php\/wp-json\/wp\/v2\/users\/2"}],"replies":[{"embeddable":true,"href":"https:\/\/bendikfilms.com\/index.php\/wp-json\/wp\/v2\/comments?post=498"}],"version-history":[{"count":10,"href":"https:\/\/bendikfilms.com\/index.php\/wp-json\/wp\/v2\/pages\/498\/revisions"}],"predecessor-version":[{"id":3258,"href":"https:\/\/bendikfilms.com\/index.php\/wp-json\/wp\/v2\/pages\/498\/revisions\/3258"}],"wp:attachment":[{"href":"https:\/\/bendikfilms.com\/index.php\/wp-json\/wp\/v2\/media?parent=498"}],"curies":[{"name":"wp","href":"https:\/\/api.w.org\/{rel}","templated":true}]}}