{"id":691,"date":"2015-12-15T11:37:23","date_gmt":"2015-12-15T11:37:23","guid":{"rendered":"http:\/\/filmmaker.beautheme.com\/?page_id=691"},"modified":"2020-12-28T21:35:25","modified_gmt":"2020-12-28T20:35:25","slug":"about-bendik-films","status":"publish","type":"page","link":"https:\/\/bendikfilms.com\/index.php\/about-bendik-films\/","title":{"rendered":"O BENDIK FILMS"},"content":{"rendered":"<p>[vc_row full_width=&#8221;stretch_row_content_no_spaces_content&#8221; css=&#8221;.vc_custom_1452572491700{margin-top: 250px !important;margin-bottom: 270px !important;}&#8221;][vc_column width=&#8221;1\/4&#8243;][film_coundown coundown_number=&#8221;6&#8243; subcribe_title=&#8221;FILMOV\u00ddCH PROJEKTOV&#8221;][\/vc_column][vc_column width=&#8221;1\/4&#8243;][film_coundown coundown_number=&#8221;8&#8243; subcribe_title=&#8221;FILMOV\u00ddCH CIEN&#8221;][\/vc_column][vc_column width=&#8221;1\/4&#8243;][film_coundown coundown_number=&#8221;5&#8243; subcribe_title=&#8221;ULTRAMARAT\u00d3NOV&#8221;][\/vc_column][vc_column width=&#8221;1\/4&#8243;][film_coundown coundown_number=&#8221;2&#8243; subcribe_title=&#8221;TERABAJTY MATERI\u00c1LU&#8221;][\/vc_column][\/vc_row][vc_row full_width=&#8221;stretch_row_content_no_spaces_content&#8221;][vc_column][film_discover style_discover=&#8221;2&#8243; image=&#8221;3129&#8243; title_section=&#8221;IN\u0160PIR\u00c1CIA&#8221; small_title=&#8221;NA\u0160A V\u00cdZIA&#8221; short_description=&#8221;BEH NIE JE LEN O KILOMETROCH, SEKUND\u00c1CH, BEDNIACH A R\u00ddCHLOSTI. BEH DOK\u00c1\u017dE \u013dUD\u00cd SP\u00c1JA\u0164. BEHOM DOK\u00c1\u017dEME ROZPR\u00c1VA\u0164 PR\u00cdBEHY.&#8221; margin_title=&#8221;-24px&#8221;]Na svete je mno\u017estvo ciest, chodn\u00edkov, horsk\u00fdch hrebe\u0148ov, vrcholov alebo \u00fazkych be\u017eeck\u00fdch chodn\u00ed\u010dkov. Denne sa po nich pohybuje mno\u017estvo \u013eud\u00ed. A ka\u017ed\u00fd p\u00ed\u0161e na nich svoj vlastn\u00fd pr\u00edbeh.<\/p>\n<p>Tak\u00fdchto pr\u00edbehov vieme n\u00e1js\u0165 nielen v s\u00fa\u010dasnosti, ale aj v hist\u00f3rii, ve\u013ek\u00e9 mno\u017estvo. Ka\u017ed\u00fd z nich m\u00f4\u017ee by\u0165 pre n\u00e1s ve\u013ekou in\u0161pir\u00e1ciou. \u010casto je to o utrpen\u00ed, snoch, vlastn\u00fdch v\u00edzi\u00e1ch, odvahe, ale aj o hrdinstve a presved\u010den\u00ed, \u017ee svet m\u00f4\u017ee by\u0165 lep\u0161\u00ed, ke\u010f sa budeme vz\u00e1jomne po\u010d\u00fava\u0165.<\/p>\n<p>Filmy s\u00fa pre n\u00e1s formou komunik\u00e1cie o d\u00f4le\u017eit\u00fdch veciach v \u017eivote. Preto vyh\u013ead\u00e1vame pr\u00edbehy, ktor\u00e9 nap\u00edsali mno\u017estvo kr\u00e1snych kilometrov v \u017eivotoch \u013eud\u00ed okolo n\u00e1s.[\/film_discover][\/vc_column][\/vc_row][vc_row full_width=&#8221;stretch_row_content_no_spaces&#8221; parallax=&#8221;content-moving&#8221; css=&#8221;.vc_custom_1462769942634{margin-top: 120px !important;margin-bottom: 150px !important;background-position: center;background-repeat: no-repeat;background-size: contain !important;}&#8221;][vc_column][film_1500 number=&#8221;239&#8243; image=&#8221;3156&#8243; href=&#8221;&#8220;http:\/\/filmmaker.beautheme.com\/wp-content\/uploads\/2015\/12\/lau.png&#8220;&#8221; class=&#8221;&#8220;alignnone&#8221; src=&#8221;&#8220;http:\/\/filmmaker.beautheme.com\/wp-content\/uploads\/2015\/12\/lau.png&#8220;&#8221; alt=&#8221;&#8220;lau&#8220;&#8221; width=&#8221;&#8220;51&#8220;&#8221; height=&#8221;&#8220;40&#8220;&#8221;]<\/p>\n<p style=\"text-align: center;\"><span style=\"font-size: 30px; color: #ff; font-family: Playfair Display, serif; font-weight: bold;\"><i>Nikdy nevie\u0161, \u010do \u0165a na ceste \u010dak\u00e1.<\/i><\/span><\/p>\n<p style=\"text-align: center;\"><span style=\"font-size: 30px; color: #ff; font-family: Playfair Display, serif; font-weight: bold;\"><i>Na ka\u017edom kilometri ti \u017eivot nap\u00ed\u0161e nov\u00fd pr\u00edbeh.<\/i><\/span><\/p>\n<p>[\/film_1500][\/vc_column][\/vc_row]<\/p>\n","protected":false},"excerpt":{"rendered":"<p>[vc_row full_width=&#8221;stretch_row_content_no_spaces_content&#8221; css=&#8221;.vc_custom_1452572491700{margin-top: 250px !important;margin-bottom: 270px !important;}&#8221;][vc_column width=&#8221;1\/4&#8243;][film_coundown coundown_number=&#8221;6&#8243; subcribe_title=&#8221;FILMOV\u00ddCH PROJEKTOV&#8221;][\/vc_column][vc_column width=&#8221;1\/4&#8243;][film_coundown coundown_number=&#8221;8&#8243; subcribe_title=&#8221;FILMOV\u00ddCH CIEN&#8221;][\/vc_column][vc_column width=&#8221;1\/4&#8243;][film_coundown coundown_number=&#8221;5&#8243; subcribe_title=&#8221;ULTRAMARAT\u00d3NOV&#8221;][\/vc_column][vc_column width=&#8221;1\/4&#8243;][film_coundown coundown_number=&#8221;2&#8243; subcribe_title=&#8221;TERABAJTY MATERI\u00c1LU&#8221;][\/vc_column][\/vc_row][vc_row full_width=&#8221;stretch_row_content_no_spaces_content&#8221;][vc_column][film_discover style_discover=&#8221;2&#8243; image=&#8221;3129&#8243; title_section=&#8221;IN\u0160PIR\u00c1CIA&#8221; small_title=&#8221;NA\u0160A V\u00cdZIA&#8221; short_description=&#8221;BEH NIE JE LEN O KILOMETROCH, SEKUND\u00c1CH, BEDNIACH A R\u00ddCHLOSTI. BEH DOK\u00c1\u017dE \u013dUD\u00cd SP\u00c1JA\u0164. BEHOM DOK\u00c1\u017dEME ROZPR\u00c1VA\u0164 PR\u00cdBEHY.&#8221; margin_title=&#8221;-24px&#8221;]Na svete je mno\u017estvo ciest, chodn\u00edkov, horsk\u00fdch hrebe\u0148ov, vrcholov [&hellip;]<\/p>\n","protected":false},"author":2,"featured_media":3837,"parent":0,"menu_order":0,"comment_status":"closed","ping_status":"closed","template":"template-discover.php","meta":{"_monsterinsights_skip_tracking":false,"_monsterinsights_sitenote_active":false,"_monsterinsights_sitenote_note":"","_monsterinsights_sitenote_category":0},"yoast_head":"<!-- This site is optimized with the Yoast SEO plugin v18.4.1 - https:\/\/yoast.com\/wordpress\/plugins\/seo\/ -->\n<title>O BENDIK FILMS | Filmov\u00e9 pr\u00edbehy o behu a o \u017eivote<\/title>\n<meta name=\"description\" content=\"BENDIK FILMS je kreat\u00edvna platforma pre produkciu dokument\u00e1rnych filmov z prostredia horsk\u00e9ho behu s v\u00fdnimo\u010dn\u00fdm s\u00fa\u010dasn\u00fdm alebo historick\u00fdm pr\u00edbehom.\" \/>\n<meta name=\"robots\" content=\"index, follow, max-snippet:-1, max-image-preview:large, max-video-preview:-1\" \/>\n<link rel=\"canonical\" href=\"https:\/\/bendikfilms.com\/index.php\/about-bendik-films\/\" \/>\n<meta property=\"og:locale\" content=\"en_US\" \/>\n<meta property=\"og:type\" content=\"article\" \/>\n<meta property=\"og:title\" content=\"O BENDIK FILMS | Filmov\u00e9 pr\u00edbehy o behu a o \u017eivote\" \/>\n<meta property=\"og:description\" content=\"BENDIK FILMS je kreat\u00edvna platforma pre produkciu dokument\u00e1rnych filmov z prostredia horsk\u00e9ho behu s v\u00fdnimo\u010dn\u00fdm s\u00fa\u010dasn\u00fdm alebo historick\u00fdm pr\u00edbehom.\" \/>\n<meta property=\"og:url\" content=\"https:\/\/bendikfilms.com\/index.php\/about-bendik-films\/\" \/>\n<meta property=\"og:site_name\" content=\"BENDIK FILMS\" \/>\n<meta property=\"article:modified_time\" content=\"2020-12-28T20:35:25+00:00\" \/>\n<meta property=\"og:image\" content=\"https:\/\/bendikfilms.com\/wp-content\/uploads\/2020\/12\/20200105_151354703_iOS-scaled.jpg\" \/>\n\t<meta property=\"og:image:width\" content=\"2560\" \/>\n\t<meta property=\"og:image:height\" content=\"1706\" \/>\n\t<meta property=\"og:image:type\" content=\"image\/jpeg\" \/>\n<meta name=\"twitter:card\" content=\"summary_large_image\" \/>\n<meta name=\"twitter:label1\" content=\"Est. reading time\" \/>\n\t<meta name=\"twitter:data1\" content=\"2 minutes\" \/>\n<script type=\"application\/ld+json\" class=\"yoast-schema-graph\">{\"@context\":\"https:\/\/schema.org\",\"@graph\":[{\"@type\":\"WebSite\",\"@id\":\"https:\/\/bendikfilms.com\/#website\",\"url\":\"https:\/\/bendikfilms.com\/\",\"name\":\"BENDIK FILMS\",\"description\":\"I capture real stories of people who venture to the very edge of their limits.\",\"potentialAction\":[{\"@type\":\"SearchAction\",\"target\":{\"@type\":\"EntryPoint\",\"urlTemplate\":\"https:\/\/bendikfilms.com\/?s={search_term_string}\"},\"query-input\":\"required name=search_term_string\"}],\"inLanguage\":\"en-US\"},{\"@type\":\"ImageObject\",\"@id\":\"https:\/\/bendikfilms.com\/index.php\/about-bendik-films\/#primaryimage\",\"inLanguage\":\"en-US\",\"url\":\"https:\/\/bendikfilms.com\/wp-content\/uploads\/2020\/12\/20200105_151354703_iOS-scaled.jpg\",\"contentUrl\":\"https:\/\/bendikfilms.com\/wp-content\/uploads\/2020\/12\/20200105_151354703_iOS-scaled.jpg\",\"width\":2560,\"height\":1706},{\"@type\":\"WebPage\",\"@id\":\"https:\/\/bendikfilms.com\/index.php\/about-bendik-films\/#webpage\",\"url\":\"https:\/\/bendikfilms.com\/index.php\/about-bendik-films\/\",\"name\":\"O BENDIK FILMS | Filmov\u00e9 pr\u00edbehy o behu a o \u017eivote\",\"isPartOf\":{\"@id\":\"https:\/\/bendikfilms.com\/#website\"},\"primaryImageOfPage\":{\"@id\":\"https:\/\/bendikfilms.com\/index.php\/about-bendik-films\/#primaryimage\"},\"datePublished\":\"2015-12-15T11:37:23+00:00\",\"dateModified\":\"2020-12-28T20:35:25+00:00\",\"description\":\"BENDIK FILMS je kreat\u00edvna platforma pre produkciu dokument\u00e1rnych filmov z prostredia horsk\u00e9ho behu s v\u00fdnimo\u010dn\u00fdm s\u00fa\u010dasn\u00fdm alebo historick\u00fdm pr\u00edbehom.\",\"breadcrumb\":{\"@id\":\"https:\/\/bendikfilms.com\/index.php\/about-bendik-films\/#breadcrumb\"},\"inLanguage\":\"en-US\",\"potentialAction\":[{\"@type\":\"ReadAction\",\"target\":[\"https:\/\/bendikfilms.com\/index.php\/about-bendik-films\/\"]}]},{\"@type\":\"BreadcrumbList\",\"@id\":\"https:\/\/bendikfilms.com\/index.php\/about-bendik-films\/#breadcrumb\",\"itemListElement\":[{\"@type\":\"ListItem\",\"position\":1,\"name\":\"Home\",\"item\":\"https:\/\/bendikfilms.com\/\"},{\"@type\":\"ListItem\",\"position\":2,\"name\":\"O BENDIK FILMS\"}]}]}<\/script>\n<!-- \/ Yoast SEO plugin. -->","yoast_head_json":{"title":"O BENDIK FILMS | Filmov\u00e9 pr\u00edbehy o behu a o \u017eivote","description":"BENDIK FILMS je kreat\u00edvna platforma pre produkciu dokument\u00e1rnych filmov z prostredia horsk\u00e9ho behu s v\u00fdnimo\u010dn\u00fdm s\u00fa\u010dasn\u00fdm alebo historick\u00fdm pr\u00edbehom.","robots":{"index":"index","follow":"follow","max-snippet":"max-snippet:-1","max-image-preview":"max-image-preview:large","max-video-preview":"max-video-preview:-1"},"canonical":"https:\/\/bendikfilms.com\/index.php\/about-bendik-films\/","og_locale":"en_US","og_type":"article","og_title":"O BENDIK FILMS | Filmov\u00e9 pr\u00edbehy o behu a o \u017eivote","og_description":"BENDIK FILMS je kreat\u00edvna platforma pre produkciu dokument\u00e1rnych filmov z prostredia horsk\u00e9ho behu s v\u00fdnimo\u010dn\u00fdm s\u00fa\u010dasn\u00fdm alebo historick\u00fdm pr\u00edbehom.","og_url":"https:\/\/bendikfilms.com\/index.php\/about-bendik-films\/","og_site_name":"BENDIK FILMS","article_modified_time":"2020-12-28T20:35:25+00:00","og_image":[{"width":2560,"height":1706,"url":"https:\/\/bendikfilms.com\/wp-content\/uploads\/2020\/12\/20200105_151354703_iOS-scaled.jpg","type":"image\/jpeg"}],"twitter_card":"summary_large_image","twitter_misc":{"Est. reading time":"2 minutes"},"schema":{"@context":"https:\/\/schema.org","@graph":[{"@type":"WebSite","@id":"https:\/\/bendikfilms.com\/#website","url":"https:\/\/bendikfilms.com\/","name":"BENDIK FILMS","description":"I capture real stories of people who venture to the very edge of their limits.","potentialAction":[{"@type":"SearchAction","target":{"@type":"EntryPoint","urlTemplate":"https:\/\/bendikfilms.com\/?s={search_term_string}"},"query-input":"required name=search_term_string"}],"inLanguage":"en-US"},{"@type":"ImageObject","@id":"https:\/\/bendikfilms.com\/index.php\/about-bendik-films\/#primaryimage","inLanguage":"en-US","url":"https:\/\/bendikfilms.com\/wp-content\/uploads\/2020\/12\/20200105_151354703_iOS-scaled.jpg","contentUrl":"https:\/\/bendikfilms.com\/wp-content\/uploads\/2020\/12\/20200105_151354703_iOS-scaled.jpg","width":2560,"height":1706},{"@type":"WebPage","@id":"https:\/\/bendikfilms.com\/index.php\/about-bendik-films\/#webpage","url":"https:\/\/bendikfilms.com\/index.php\/about-bendik-films\/","name":"O BENDIK FILMS | Filmov\u00e9 pr\u00edbehy o behu a o \u017eivote","isPartOf":{"@id":"https:\/\/bendikfilms.com\/#website"},"primaryImageOfPage":{"@id":"https:\/\/bendikfilms.com\/index.php\/about-bendik-films\/#primaryimage"},"datePublished":"2015-12-15T11:37:23+00:00","dateModified":"2020-12-28T20:35:25+00:00","description":"BENDIK FILMS je kreat\u00edvna platforma pre produkciu dokument\u00e1rnych filmov z prostredia horsk\u00e9ho behu s v\u00fdnimo\u010dn\u00fdm s\u00fa\u010dasn\u00fdm alebo historick\u00fdm pr\u00edbehom.","breadcrumb":{"@id":"https:\/\/bendikfilms.com\/index.php\/about-bendik-films\/#breadcrumb"},"inLanguage":"en-US","potentialAction":[{"@type":"ReadAction","target":["https:\/\/bendikfilms.com\/index.php\/about-bendik-films\/"]}]},{"@type":"BreadcrumbList","@id":"https:\/\/bendikfilms.com\/index.php\/about-bendik-films\/#breadcrumb","itemListElement":[{"@type":"ListItem","position":1,"name":"Home","item":"https:\/\/bendikfilms.com\/"},{"@type":"ListItem","position":2,"name":"O BENDIK FILMS"}]}]}},"_links":{"self":[{"href":"https:\/\/bendikfilms.com\/index.php\/wp-json\/wp\/v2\/pages\/691"}],"collection":[{"href":"https:\/\/bendikfilms.com\/index.php\/wp-json\/wp\/v2\/pages"}],"about":[{"href":"https:\/\/bendikfilms.com\/index.php\/wp-json\/wp\/v2\/types\/page"}],"author":[{"embeddable":true,"href":"https:\/\/bendikfilms.com\/index.php\/wp-json\/wp\/v2\/users\/2"}],"replies":[{"embeddable":true,"href":"https:\/\/bendikfilms.com\/index.php\/wp-json\/wp\/v2\/comments?post=691"}],"version-history":[{"count":28,"href":"https:\/\/bendikfilms.com\/index.php\/wp-json\/wp\/v2\/pages\/691\/revisions"}],"predecessor-version":[{"id":3772,"href":"https:\/\/bendikfilms.com\/index.php\/wp-json\/wp\/v2\/pages\/691\/revisions\/3772"}],"wp:featuredmedia":[{"embeddable":true,"href":"https:\/\/bendikfilms.com\/index.php\/wp-json\/wp\/v2\/media\/3837"}],"wp:attachment":[{"href":"https:\/\/bendikfilms.com\/index.php\/wp-json\/wp\/v2\/media?parent=691"}],"curies":[{"name":"wp","href":"https:\/\/api.w.org\/{rel}","templated":true}]}}